{"id":11422,"date":"2026-05-09T03:20:48","date_gmt":"2026-05-09T08:20:48","guid":{"rendered":"https:\/\/emak.tech\/plateforme\/appels\/"},"modified":"2026-05-09T03:20:48","modified_gmt":"2026-05-09T08:20:48","slug":"appels","status":"publish","type":"page","link":"https:\/\/emak.tech\/fr\/plateforme\/appels\/","title":{"rendered":"Appels"},"content":{"rendered":"\n<article class=\"bp-cl\">\n\n\t<!-- 1. Hero -->\n\t<section class=\"bp-page-hero\">\n\t\t<div class=\"bp-page-hero-bg\" aria-hidden=\"true\"><\/div>\n\t\t<div class=\"bp-page-inner bp-page-hero-inner\">\n\t\t\t<span class=\"bp-page-tag\">\n\t\t\t\t<svg width=\"14\" height=\"14\" viewBox=\"0 0 24 24\" fill=\"none\" stroke=\"currentColor\" stroke-width=\"2.2\" stroke-linecap=\"round\" stroke-linejoin=\"round\" aria-hidden=\"true\"><path d=\"M22 16.92v3a2 2 0 0 1-2.18 2 19.79 19.79 0 0 1-8.63-3.07 19.5 19.5 0 0 1-6-6 19.79 19.79 0 0 1-3.07-8.67A2 2 0 0 1 4.11 2h3a2 2 0 0 1 2 1.72 12.84 12.84 0 0 0 .7 2.81 2 2 0 0 1-.45 2.11L8.09 9.91a16 16 0 0 0 6 6l1.27-1.27a2 2 0 0 1 2.11-.45 12.84 12.84 0 0 0 2.81.7A2 2 0 0 1 22 16.92z\"\/><\/svg>\n\t\t\t\tAppels d\u2019affaires\t\t\t<\/span>\n\t\t\t<div class=\"bp-page-hero-grid\">\n\t\t\t\t<h1 class=\"t-display-xl\">Une fa\u00e7on plus intelligente de g\u00e9rer chaque appel d\u2019affaires.<\/h1>\n\t\t\t\t<p class=\"t-body-lg bp-page-hero-sub\">Des fonctions d\u2019appel professionnelles qui vous aident \u00e0 avoir l\u2019air soign\u00e9, rester organis\u00e9 et ne jamais manquer ce qui compte \u2014 au bureau, sur vos t\u00e9l\u00e9phones et dans votre poche.<\/p>\n\t\t\t<\/div>\n\t\t<\/div>\n\t<\/section>\n\n\t<!-- 2. 3-up value props -->\n\t<section class=\"bp-section-3up\">\n\t\t<div class=\"bp-page-inner bp-section-3up-grid\">\n\t\t\t<div class=\"bp-card\">\n\t\t\t\t<h3 class=\"t-h-card\">Ayez l\u2019air pro<\/h3>\n\t\t\t\t<p class=\"t-body-sm\">Messages personnalis\u00e9s, enregistrement d\u2019appels, acheminement intelligent et un agent IA toujours actif : vos clients voient que vous respectez leur temps.<\/p>\n\t\t\t<\/div>\n\t\t\t<div class=\"bp-card\">\n\t\t\t\t<h3 class=\"t-h-card\">Restez organis\u00e9<\/h3>\n\t\t\t\t<p class=\"t-body-sm\">Les r\u00e9sum\u00e9s IA et les transcriptions vous donnent le contexte complet de chaque appel \u2014 fini les notes prises \u00e0 la h\u00e2te quand un client raccroche.<\/p>\n\t\t\t<\/div>\n\t\t\t<div class=\"bp-card\">\n\t\t\t\t<h3 class=\"t-h-card\">Restez joignable<\/h3>\n\t\t\t\t<p class=\"t-body-sm\">Les appels vous trouvent sur les t\u00e9l\u00e9phones de bureau, le mobile et l\u2019application web \u2014 sans configuration de transfert, sans d\u00e9lai, sans perte de qualit\u00e9.<\/p>\n\t\t\t<\/div>\n\t\t<\/div>\n\t<\/section>\n\n\t<!-- 3. Pain heading -->\n\t<section class=\"bp-section-pain\">\n\t\t<div class=\"bp-page-inner\">\n\t\t\t<h2 class=\"t-display-lg bp-section-pain-h\">Les clients s\u2019attendent \u00e0 une vraie entreprise \u2014 pas \u00e0 la roulette de la bo\u00eete vocale ni au \u00ab \u00e0 qui ai-je l\u2019honneur, d\u00e9j\u00e0 ? \u00bb<\/h2>\n\t\t<\/div>\n\t<\/section>\n\n\t<!-- 4. Asymmetric callout -->\n\t<section class=\"bp-section-callout\">\n\t\t<div class=\"bp-page-inner\">\n\t\t<div class=\"bp-callout\">\n\t\t\t<div class=\"bp-callout-copy\">\n\t\t\t\t<h2 class=\"t-display-md\">Finissez-en avec les \u00ab pardon, pouvez-vous r\u00e9p\u00e9ter ? \u00bb.<\/h2>\n\t\t\t\t<p class=\"t-body\">Quand un client rappelle, vous avez le contexte complet de chaque conversation pr\u00e9c\u00e9dente \u2014 r\u00e9sum\u00e9s, transcriptions, notes \u2014 pour qu\u2019il n\u2019ait jamais \u00e0 se r\u00e9p\u00e9ter.<\/p>\n\t\t\t\t<a class=\"bp-chip bp-chip--ghost\" href=\"\/contact\/\">\n\t\t\t\t\t<svg width=\"14\" height=\"14\" viewBox=\"0 0 24 24\" fill=\"none\" stroke=\"currentColor\" stroke-width=\"2.2\" stroke-linecap=\"round\" stroke-linejoin=\"round\" aria-hidden=\"true\"><path d=\"M2 3h20v14H7l-5 4z\"\/><\/svg>\n\t\t\t\t\tR\u00e9sum\u00e9s et transcriptions d\u2019appels\t\t\t\t<\/a>\n\t\t\t<\/div>\n\t\t\t<div class=\"bp-callout-media bp-cl-log\" aria-hidden=\"true\">\n\t\t\t\t<div class=\"bp-cl-log-row\">\n\t\t\t\t\t<div class=\"bp-cl-log-avatar\" style=\"background:#fde8d8;\">MT<\/div>\n\t\t\t\t\t<div class=\"bp-cl-log-body\">\n\t\t\t\t\t\t<div class=\"bp-cl-log-head\">\n\t\t\t\t\t\t\t<span class=\"bp-cl-log-name\">Marie Tremblay<\/span>\n\t\t\t\t\t\t\t<span class=\"bp-cl-log-time\">\u00c0 l\u2019instant<\/span>\n\t\t\t\t\t\t<\/div>\n\t\t\t\t\t\t<div class=\"bp-cl-log-status\">Appel entrant \u00b7 4 min 12 s<\/div>\n\t\t\t\t\t<\/div>\n\t\t\t\t<\/div>\n\t\t\t\t<div class=\"bp-cl-log-summary\">\n\t\t\t\t\t<div class=\"bp-cl-log-tag\">R\u00e9sum\u00e9 IA<\/div>\n\t\t\t\t\t<p>Marie a appel\u00e9 pour un devis pour un syst\u00e8me 12 lignes pour son nouveau salon. Elle pr\u00e9f\u00e8re les t\u00e9l\u00e9phones Yealink et veut le prix d\u2019ici vendredi.<\/p>\n\t\t\t\t\t<div class=\"bp-cl-log-next\">\n\t\t\t\t\t\t<span class=\"bp-cl-log-check\">\u2713<\/span>\n\t\t\t\t\t\tEnvoyer le devis 12 lignes \u00b7 pour vendredi\t\t\t\t\t<\/div>\n\t\t\t\t<\/div>\n\t\t\t<\/div>\n\t\t<\/div>\n\t\t<\/div>\n\t<\/section>\n\n\t<!-- 5. Three feature cards with mockups -->\n\t<section class=\"bp-section-mockup-3up\">\n\t\t<div class=\"bp-page-inner bp-section-mockup-3up-grid\">\n\n\t\t\t<div class=\"bp-card bp-card--feature\">\n\t\t\t\t<div class=\"bp-card-mock bp-card-mock--orange\">\n\t\t\t\t\t<div class=\"bp-cl-devices\">\n\t\t\t\t\t\t<div class=\"bp-cl-device bp-cl-device--desk\">\n\t\t\t\t\t\t\t<svg width=\"22\" height=\"22\" viewBox=\"0 0 24 24\" fill=\"none\" stroke=\"currentColor\" stroke-width=\"2\" stroke-linecap=\"round\" stroke-linejoin=\"round\" aria-hidden=\"true\"><rect x=\"3\" y=\"11\" width=\"18\" height=\"10\" rx=\"2\"\/><path d=\"M7 11V7a5 5 0 0 1 10 0v4\"\/><\/svg>\n\t\t\t\t\t\t\t<span>T\u00e9l\u00e9phone de bureau<\/span>\n\t\t\t\t\t\t\t<span class=\"bp-cl-device-dot\"><\/span>\n\t\t\t\t\t\t<\/div>\n\t\t\t\t\t\t<div class=\"bp-cl-device bp-cl-device--mobile\">\n\t\t\t\t\t\t\t<svg width=\"22\" height=\"22\" viewBox=\"0 0 24 24\" fill=\"none\" stroke=\"currentColor\" stroke-width=\"2\" stroke-linecap=\"round\" stroke-linejoin=\"round\" aria-hidden=\"true\"><rect x=\"6\" y=\"2\" width=\"12\" height=\"20\" rx=\"2\"\/><path d=\"M11 18h2\"\/><\/svg>\n\t\t\t\t\t\t\t<span>Application mobile<\/span>\n\t\t\t\t\t\t\t<span class=\"bp-cl-device-dot\"><\/span>\n\t\t\t\t\t\t<\/div>\n\t\t\t\t\t\t<div class=\"bp-cl-device bp-cl-device--web\">\n\t\t\t\t\t\t\t<svg width=\"22\" height=\"22\" viewBox=\"0 0 24 24\" fill=\"none\" stroke=\"currentColor\" stroke-width=\"2\" stroke-linecap=\"round\" stroke-linejoin=\"round\" aria-hidden=\"true\"><rect x=\"2\" y=\"3\" width=\"20\" height=\"14\" rx=\"2\"\/><path d=\"M8 21h8M12 17v4\"\/><\/svg>\n\t\t\t\t\t\t\t<span>Navigateur<\/span>\n\t\t\t\t\t\t\t<span class=\"bp-cl-device-dot\"><\/span>\n\t\t\t\t\t\t<\/div>\n\t\t\t\t\t<\/div>\n\t\t\t\t<\/div>\n\t\t\t\t<div class=\"bp-card-body\">\n\t\t\t\t\t<h3 class=\"t-h-card\">Prenez les appels n\u2019importe o\u00f9, sur n\u2019importe quel appareil<\/h3>\n\t\t\t\t\t<p class=\"t-body-sm\">Faites sonner les t\u00e9l\u00e9phones de bureau, le mobile et l\u2019appli web en m\u00eame temps. D\u00e9crochez o\u00f9 que vous soyez \u2014 et passez l\u2019appel d\u2019un appareil \u00e0 l\u2019autre sans rater un mot.<\/p>\n\t\t\t\t\t<span class=\"bp-chip bp-chip--ghost\">\n\t\t\t\t\t\t<svg width=\"13\" height=\"13\" viewBox=\"0 0 24 24\" fill=\"none\" stroke=\"currentColor\" stroke-width=\"2.2\" stroke-linecap=\"round\" stroke-linejoin=\"round\" aria-hidden=\"true\"><rect x=\"6\" y=\"2\" width=\"12\" height=\"20\" rx=\"2\"\/><path d=\"M11 18h2\"\/><\/svg>\n\t\t\t\t\t\tSonnerie multi-appareils\t\t\t\t\t<\/span>\n\t\t\t\t<\/div>\n\t\t\t<\/div>\n\n\t\t\t<div class=\"bp-card bp-card--feature\">\n\t\t\t\t<div class=\"bp-card-mock bp-card-mock--green\">\n\t\t\t\t\t<div class=\"bp-cl-incoming\">\n\t\t\t\t\t\t<div class=\"bp-cl-incoming-status\">\n\t\t\t\t\t\t\t<span class=\"bp-cl-incoming-dot\"><\/span>\n\t\t\t\t\t\t\tAppel entrant\t\t\t\t\t\t<\/div>\n\t\t\t\t\t\t<div class=\"bp-cl-incoming-name\">Margo Young<\/div>\n\t\t\t\t\t\t<div class=\"bp-cl-incoming-meta\">\n\t\t\t\t\t\t\t<span class=\"bp-cl-incoming-vip\">VIP<\/span>\n\t\t\t\t\t\t\t3 appels pr\u00e9c\u00e9dents\t\t\t\t\t\t<\/div>\n\t\t\t\t\t\t<div class=\"bp-cl-incoming-actions\">\n\t\t\t\t\t\t\t<span class=\"bp-cl-incoming-btn bp-cl-incoming-btn--decline\">\u2715<\/span>\n\t\t\t\t\t\t\t<span class=\"bp-cl-incoming-btn bp-cl-incoming-btn--accept\">\u2713<\/span>\n\t\t\t\t\t\t<\/div>\n\t\t\t\t\t<\/div>\n\t\t\t\t<\/div>\n\t\t\t\t<div class=\"bp-card-body\">\n\t\t\t\t\t<h3 class=\"t-h-card\">Sachez qui appelle avant de d\u00e9crocher<\/h3>\n\t\t\t\t\t<p class=\"t-body-sm\">\u00c9tiquettes VIP, historique d\u2019appels et contexte CRM apparaissent \u00e0 chaque appel entrant \u2014 votre \u00e9quipe est brief\u00e9e d\u00e8s que le t\u00e9l\u00e9phone sonne.<\/p>\n\t\t\t\t\t<span class=\"bp-chip bp-chip--ghost\">\n\t\t\t\t\t\t<svg width=\"13\" height=\"13\" viewBox=\"0 0 24 24\" fill=\"none\" stroke=\"currentColor\" stroke-width=\"2.2\" stroke-linecap=\"round\" stroke-linejoin=\"round\" aria-hidden=\"true\"><circle cx=\"12\" cy=\"8\" r=\"4\"\/><path d=\"M4 21v-1a6 6 0 0 1 12 0v1\"\/><\/svg>\n\t\t\t\t\t\tAfficheur et historique\t\t\t\t\t<\/span>\n\t\t\t\t<\/div>\n\t\t\t<\/div>\n\n\t\t\t<div class=\"bp-card bp-card--feature\">\n\t\t\t\t<div class=\"bp-card-mock bp-card-mock--purple\">\n\t\t\t\t\t<div class=\"bp-cl-kori\">\n\t\t\t\t\t\t<div class=\"bp-cl-kori-badge\">\n\t\t\t\t\t\t\t<span class=\"bp-cl-kori-icon\">\u2726<\/span>\n\t\t\t\t\t\t\tG\u00e9r\u00e9 par Kori\t\t\t\t\t\t<\/div>\n\t\t\t\t\t\t<div class=\"bp-cl-kori-card\">\n\t\t\t\t\t\t\t<div class=\"bp-cl-kori-line\">Appelant <strong>+1 (438) 555-0124<\/strong><\/div>\n\t\t\t\t\t\t\t<div class=\"bp-cl-kori-line bp-cl-kori-line--note\">A demand\u00e9 les tarifs pour un forfait 6 lignes. D\u00e9tails envoy\u00e9s par SMS.<\/div>\n\t\t\t\t\t\t\t<div class=\"bp-cl-kori-line bp-cl-kori-line--ok\">\n\t\t\t\t\t\t\t\t<span>\u2713<\/span> Prospect capt\u00e9\t\t\t\t\t\t\t<\/div>\n\t\t\t\t\t\t<\/div>\n\t\t\t\t\t<\/div>\n\t\t\t\t<\/div>\n\t\t\t\t<div class=\"bp-card-body\">\n\t\t\t\t\t<h3 class=\"t-h-card\">Passez le relais \u00e0 Kori quand vous \u00eates d\u00e9bord\u00e9<\/h3>\n\t\t\t\t\t<p class=\"t-body-sm\">Kori, notre agent IA, prend les d\u00e9bordements et les appels hors heures \u2014 qualifie les prospects, prend les messages et vous envoie un r\u00e9sum\u00e9 clair en quelques secondes.<\/p>\n\t\t\t\t\t<span class=\"bp-chip bp-chip--ghost\">\n\t\t\t\t\t\t<svg width=\"13\" height=\"13\" viewBox=\"0 0 24 24\" fill=\"none\" stroke=\"currentColor\" stroke-width=\"2.2\" stroke-linecap=\"round\" stroke-linejoin=\"round\" aria-hidden=\"true\"><circle cx=\"12\" cy=\"12\" r=\"10\"\/><path d=\"M2 12h20M12 2a15.3 15.3 0 0 1 4 10 15.3 15.3 0 0 1-4 10\"\/><\/svg>\n\t\t\t\t\t\tAgent IA Kori\t\t\t\t\t<\/span>\n\t\t\t\t<\/div>\n\t\t\t<\/div>\n\n\t\t<\/div>\n\t<\/section>\n\n\t<!-- 6. Dark testimonial -->\n\t<section class=\"bp-testimonial\">\n\t\t<div class=\"bp-page-inner bp-testimonial-grid\">\n\t\t\t<div class=\"bp-testimonial-stat\">\n\t\t\t\t<svg class=\"bp-testimonial-spark\" width=\"120\" height=\"60\" viewBox=\"0 0 120 60\" fill=\"none\" aria-hidden=\"true\">\n\t\t\t\t\t<path d=\"M2 50 L24 38 L42 44 L62 26 L82 30 L100 12 L118 4\" stroke=\"currentColor\" stroke-width=\"2\" stroke-linecap=\"round\" stroke-linejoin=\"round\" fill=\"none\" opacity=\"0.85\"\/>\n\t\t\t\t\t<path d=\"M118 4 L112 8 M118 4 L114 12\" stroke=\"currentColor\" stroke-width=\"2\" stroke-linecap=\"round\" stroke-linejoin=\"round\" opacity=\"0.85\"\/>\n\t\t\t\t<\/svg>\n\t\t\t\t<div class=\"bp-testimonial-stat-num\">98%<\/div>\n\t\t\t\t<div class=\"bp-testimonial-stat-label\">Des appels hors heures pris<\/div>\n\t\t\t<\/div>\n\t\t\t<div class=\"bp-testimonial-quote\">\n\t\t\t\t<p class=\"bp-testimonial-q\">\n\t\t\t\t\t<span class=\"bp-testimonial-bold\">On perdait des clients \u00e0 la bo\u00eete vocale chaque fois qu\u2019on sortait.<\/span>\n\t\t\t\t\tMaintenant, Kori d\u00e9croche, prend les d\u00e9tails, et notre \u00e9quipe a un r\u00e9sum\u00e9 propre le lendemain matin. On n\u2019a pas manqu\u00e9 un seul vrai prospect depuis qu\u2019on est pass\u00e9 \u00e0 EMAK.\t\t\t\t<\/p>\n\t\t\t\t<div class=\"bp-testimonial-attrib\">\n\t\t\t\t\t<span class=\"bp-testimonial-avatar\">SC<\/span>\n\t\t\t\t\t<div>\n\t\t\t\t\t\t<div class=\"bp-testimonial-name\">S\u00e9bastien C\u00f4t\u00e9<\/div>\n\t\t\t\t\t\t<div class=\"bp-testimonial-role\">Directeur @ C\u00f4t\u00e9 Plomberie<\/div>\n\t\t\t\t\t<\/div>\n\t\t\t\t<\/div>\n\t\t\t<\/div>\n\t\t<\/div>\n\t<\/section>\n\n\t<!-- 7. Comprehensive features checklist -->\n\t<section class=\"bp-cl-checklist\">\n\t\t<div class=\"bp-page-inner\">\n\t\t\t<h2 class=\"bp-cl-checklist-h\">Toutes les fonctions d\u2019appel dont vous avez besoin, sans superflu.<\/h2>\n\t\t\t<div class=\"bp-cl-checklist-grid\">\n\t\t\t\t<div class=\"bp-cl-checklist-col\">\n\t\t\t\t\t<h3 class=\"bp-cl-checklist-col-h\">Appels de base<\/h3>\n\t\t\t\t\t<ul class=\"bp-cl-checklist-list\">\n\t\t\t\t\t\t<li>Afficheur personnalis\u00e9<\/li>\n\t\t\t\t\t\t<li>Messages d\u2019accueil professionnels<\/li>\n\t\t\t\t\t\t<li>Enregistrement d\u2019appels<\/li>\n\t\t\t\t\t\t<li>Renvoi d\u2019appels<\/li>\n\t\t\t\t\t\t<li>Heures d\u2019ouverture<\/li>\n\t\t\t\t\t\t<li>Ne pas d\u00e9ranger<\/li>\n\t\t\t\t\t\t<li>Num\u00e9ros partag\u00e9s<\/li>\n\t\t\t\t\t\t<li>Bo\u00eete vocale par courriel<\/li>\n\t\t\t\t\t<\/ul>\n\t\t\t\t<\/div>\n\t\t\t\t<div class=\"bp-cl-checklist-col\">\n\t\t\t\t\t<h3 class=\"bp-cl-checklist-col-h\">Fonctions IA<\/h3>\n\t\t\t\t\t<ul class=\"bp-cl-checklist-list\">\n\t\t\t\t\t\t<li>Agent IA Kori<\/li>\n\t\t\t\t\t\t<li>Transcriptions d\u2019appels<\/li>\n\t\t\t\t\t\t<li>R\u00e9sum\u00e9s d\u2019appels IA<\/li>\n\t\t\t\t\t\t<li>Acheminement intelligent<\/li>\n\t\t\t\t\t\t<li>\u00c9tiquetage automatique<\/li>\n\t\t\t\t\t\t<li>Tableau de bord centralis\u00e9<\/li>\n\t\t\t\t\t<\/ul>\n\t\t\t\t<\/div>\n\t\t\t\t<div class=\"bp-cl-checklist-col\">\n\t\t\t\t\t<h3 class=\"bp-cl-checklist-col-h\">Avanc\u00e9<\/h3>\n\t\t\t\t\t<ul class=\"bp-cl-checklist-list\">\n\t\t\t\t\t\t<li>Synchronisation CRM<\/li>\n\t\t\t\t\t\t<li>Contacts partag\u00e9s<\/li>\n\t\t\t\t\t\t<li>Statistiques d\u2019usage<\/li>\n\t\t\t\t\t\t<li>Acc\u00e8s API<\/li>\n\t\t\t\t\t\t<li>Audio HD<\/li>\n\t\t\t\t\t\t<li>Conf\u00e9rences t\u00e9l\u00e9phoniques<\/li>\n\t\t\t\t\t<\/ul>\n\t\t\t\t<\/div>\n\t\t\t<\/div>\n\t\t<\/div>\n\t<\/section>\n\n\t<!-- 8. Dark CTA grid (shared with menu-routing) -->\n\t<section class=\"bp-cta-grid\">\n\t\t<div class=\"bp-page-inner\">\n\t\t\t<h2 class=\"bp-cta-grid-h\">\n\t\t\t\t<span class=\"bp-cta-grid-strong\">Pr\u00eat \u00e0 vous lancer ?<\/span>\n\t\t\t\t<span class=\"bp-cta-grid-sub\">Choisissez un num\u00e9ro, regardez une d\u00e9mo en direct, ou choisissez un forfait adapt\u00e9 \u00e0 votre \u00e9quipe.<\/span>\n\t\t\t<\/h2>\n\t\t\t<div class=\"bp-cta-grid-cards\">\n\t\t\t\t<a class=\"bp-cta-card\" href=\"\/services\/business-phone-system\/\">\n\t\t\t\t\t<div class=\"bp-cta-card-art bp-cta-card-art--num\" aria-hidden=\"true\">\n\t\t\t\t\t\t<span class=\"bp-cta-num-tile\">1<\/span>\n\t\t\t\t\t\t<span class=\"bp-cta-num-tile\">2<\/span>\n\t\t\t\t\t\t<span class=\"bp-cta-num-tile\">3<\/span>\n\t\t\t\t\t<\/div>\n\t\t\t\t\t<div class=\"bp-cta-card-body\">\n\t\t\t\t\t\t<div class=\"bp-cta-card-h\">Choisir un nouveau num\u00e9ro<\/div>\n\t\t\t\t\t\t<div class=\"bp-cta-card-sub\">ou transf\u00e9rer le v\u00f4tre<\/div>\n\t\t\t\t\t\t<div class=\"bp-cta-card-arrow\" aria-hidden=\"true\">\u2192<\/div>\n\t\t\t\t\t<\/div>\n\t\t\t\t<\/a>\n\t\t\t\t<a class=\"bp-cta-card\" href=\"\/request-a-callback\/\">\n\t\t\t\t\t<div class=\"bp-cta-card-art bp-cta-card-art--play\" aria-hidden=\"true\">\n\t\t\t\t\t\t<svg width=\"42\" height=\"42\" viewBox=\"0 0 24 24\" fill=\"currentColor\"><polygon points=\"6 4 20 12 6 20 6 4\"\/><\/svg>\n\t\t\t\t\t<\/div>\n\t\t\t\t\t<div class=\"bp-cta-card-body\">\n\t\t\t\t\t\t<div class=\"bp-cta-card-h\">Voir une d\u00e9mo<\/div>\n\t\t\t\t\t\t<div class=\"bp-cta-card-sub\">pour commencer avec EMAK<\/div>\n\t\t\t\t\t\t<div class=\"bp-cta-card-arrow\" aria-hidden=\"true\">\u2192<\/div>\n\t\t\t\t\t<\/div>\n\t\t\t\t<\/a>\n\t\t\t\t<a class=\"bp-cta-card\" href=\"\/pricing\/\">\n\t\t\t\t\t<div class=\"bp-cta-card-art bp-cta-card-art--coin\" aria-hidden=\"true\">\n\t\t\t\t\t\t<span class=\"bp-cta-coin\">$<\/span>\n\t\t\t\t\t\t<span class=\"bp-cta-coin\">$<\/span>\n\t\t\t\t\t<\/div>\n\t\t\t\t\t<div class=\"bp-cta-card-body\">\n\t\t\t\t\t\t<div class=\"bp-cta-card-h\">Voir les tarifs<\/div>\n\t\t\t\t\t\t<div class=\"bp-cta-card-sub\">choisir un forfait et commencer<\/div>\n\t\t\t\t\t\t<div class=\"bp-cta-card-arrow\" aria-hidden=\"true\">\u2192<\/div>\n\t\t\t\t\t<\/div>\n\t\t\t\t<\/a>\n\t\t\t<\/div>\n\t\t<\/div>\n\t<\/section>\n\n\t<!-- 9. Final CTA (shared with menu-routing) -->\n\t<section class=\"bp-finale\">\n\t\t<div class=\"bp-page-inner bp-finale-grid\">\n\t\t\t<h2 class=\"bp-finale-h\">Ne manquez plus jamais<br>un appel ni un client.<\/h2>\n\t\t\t<div class=\"bp-finale-actions\">\n\t\t\t\t<a class=\"bp-finale-cta bp-finale-cta--primary\" href=\"\/request-a-callback\/\">\n\t\t\t\t\tR\u00e9server une d\u00e9mo\t\t\t\t\t<svg width=\"14\" height=\"14\" viewBox=\"0 0 24 24\" fill=\"none\" stroke=\"currentColor\" stroke-width=\"2.5\" stroke-linecap=\"round\" stroke-linejoin=\"round\"><path d=\"M7 17L17 7M7 7h10v10\"\/><\/svg>\n\t\t\t\t<\/a>\n\t\t\t\t<a class=\"bp-finale-cta\" href=\"\/contact\/\">\n\t\t\t\t\tParler aux ventes\t\t\t\t\t<svg width=\"14\" height=\"14\" viewBox=\"0 0 24 24\" fill=\"none\" stroke=\"currentColor\" stroke-width=\"2.5\" stroke-linecap=\"round\" stroke-linejoin=\"round\"><path d=\"M7 17L17 7M7 7h10v10\"\/><\/svg>\n\t\t\t\t<\/a>\n\t\t\t<\/div>\n\t\t<\/div>\n\t<\/section>\n\n<\/article>\n\n\t\n","protected":false},"excerpt":{"rendered":"Appels d\u2019affaires Une fa\u00e7on plus intelligente de g\u00e9rer chaque appel d\u2019affaires. Des fonctions d\u2019appel professionnelles qui vous aident \u00e0 avoir l\u2019air soign\u00e9, rester organis\u00e9 et ne jamais manquer ce qui compte \u2014 au bureau, sur vos t\u00e9l\u00e9phones et dans votre poche. Ayez l\u2019air pro Messages personnalis\u00e9s, enregistrement d\u2019appels, acheminement intelligent et un agent IA toujours [...]","protected":false},"author":0,"featured_media":0,"parent":11418,"menu_order":0,"comment_status":"closed","ping_status":"closed","template":"","meta":{"footnotes":""},"class_list":["post-11422","page","type-page","status-publish","hentry"],"_links":{"self":[{"href":"https:\/\/emak.tech\/fr\/wp-json\/wp\/v2\/pages\/11422","targetHints":{"allow":["GET"]}}],"collection":[{"href":"https:\/\/emak.tech\/fr\/wp-json\/wp\/v2\/pages"}],"about":[{"href":"https:\/\/emak.tech\/fr\/wp-json\/wp\/v2\/types\/page"}],"replies":[{"embeddable":true,"href":"https:\/\/emak.tech\/fr\/wp-json\/wp\/v2\/comments?post=11422"}],"version-history":[{"count":0,"href":"https:\/\/emak.tech\/fr\/wp-json\/wp\/v2\/pages\/11422\/revisions"}],"up":[{"embeddable":true,"href":"https:\/\/emak.tech\/fr\/wp-json\/wp\/v2\/pages\/11418"}],"wp:attachment":[{"href":"https:\/\/emak.tech\/fr\/wp-json\/wp\/v2\/media?parent=11422"}],"curies":[{"name":"wp","href":"https:\/\/api.w.org\/{rel}","templated":true}]}}