{"id":8155,"date":"2015-09-03T07:42:01","date_gmt":"2015-09-03T07:42:01","guid":{"rendered":"https:\/\/emak.tech\/comment-pouvons-nous-aider\/"},"modified":"2024-01-19T16:33:02","modified_gmt":"2024-01-19T21:33:02","slug":"contact","status":"publish","type":"page","link":"https:\/\/emak.tech\/fr\/contact\/","title":{"rendered":"Contactez-nous"},"content":{"rendered":"\n<article class=\"bp-co\">\n\n\t<!-- Hero -->\n\t<section class=\"bp-page-hero\">\n\t\t<div class=\"bp-page-inner bp-page-hero-inner\">\n\t\t\t<span class=\"bp-page-tag\">\n\t\t\t\t<svg width=\"14\" height=\"14\" viewBox=\"0 0 24 24\" fill=\"none\" stroke=\"currentColor\" stroke-width=\"2.2\" stroke-linecap=\"round\" stroke-linejoin=\"round\" aria-hidden=\"true\"><path d=\"M22 16.92v3a2 2 0 0 1-2.18 2 19.79 19.79 0 0 1-8.63-3.07 19.5 19.5 0 0 1-6-6 19.79 19.79 0 0 1-3.07-8.67A2 2 0 0 1 4.11 2h3a2 2 0 0 1 2 1.72 12.84 12.84 0 0 0 .7 2.81 2 2 0 0 1-.45 2.11L8.09 9.91a16 16 0 0 0 6 6l1.27-1.27a2 2 0 0 1 2.11-.45 12.84 12.84 0 0 0 2.81.7A2 2 0 0 1 22 16.92z\"\/><\/svg>\n\t\t\t\tContact\t\t\t<\/span>\n\t\t\t<div class=\"bp-page-hero-grid\">\n\t\t\t\t<h1 class=\"t-display-xl\">Comment pouvons-nous vous aider&nbsp;?<\/h1>\n\t\t\t\t<p class=\"t-body-lg bp-page-hero-sub\">Voici comment joindre notre \u00e9quipe sympathique bas\u00e9e \u00e0 Montr\u00e9al. Ventes, soutien et tout le reste.<\/p>\n\t\t\t<\/div>\n\t\t<\/div>\n\t<\/section>\n\n\t<!-- 3-up contact channels -->\n\t<section class=\"bp-co-channels\">\n\t\t<div class=\"bp-page-inner\">\n\t\t\t<div class=\"bp-co-channels-grid\">\n\n\t\t\t\t<div class=\"bp-card bp-co-channel\">\n\t\t\t\t\t<div class=\"bp-co-channel-icon\" aria-hidden=\"true\">\n\t\t\t\t\t\t<svg width=\"20\" height=\"20\" viewBox=\"0 0 24 24\" fill=\"none\" stroke=\"currentColor\" stroke-width=\"2\" stroke-linecap=\"round\" stroke-linejoin=\"round\"><path d=\"M22 16.92v3a2 2 0 0 1-2.18 2 19.79 19.79 0 0 1-8.63-3.07 19.5 19.5 0 0 1-6-6 19.79 19.79 0 0 1-3.07-8.67A2 2 0 0 1 4.11 2h3a2 2 0 0 1 2 1.72 12.84 12.84 0 0 0 .7 2.81 2 2 0 0 1-.45 2.11L8.09 9.91a16 16 0 0 0 6 6l1.27-1.27a2 2 0 0 1 2.11-.45 12.84 12.84 0 0 0 2.81.7A2 2 0 0 1 22 16.92z\"\/><\/svg>\n\t\t\t\t\t<\/div>\n\t\t\t\t\t<span class=\"t-eyebrow\">Appelez-nous<\/span>\n\t\t\t\t\t<h3 class=\"t-h-card\">T\u00e9l\u00e9phone<\/h3>\n\t\t\t\t\t<ul class=\"bp-co-lines\">\n\t\t\t\t\t\t<li><span class=\"bp-co-line-label\">Bureaux<\/span> <a href=\"tel:+15147386000\">(514) 738-6000<\/a><\/li>\n\t\t\t\t\t\t<li><span class=\"bp-co-line-label\">Bureaux<\/span> <a href=\"tel:+15144000226\">(514) 400-0226<\/a><\/li>\n\t\t\t\t\t\t<li><span class=\"bp-co-line-label\">Ventes<\/span> <a href=\"tel:+15144000225\">(514) 400-0225<\/a><\/li>\n\t\t\t\t\t\t<li><span class=\"bp-co-line-label\">Sans frais<\/span> <a href=\"tel:+18443625835\">(844) EMAK-TEK<\/a><\/li>\n\t\t\t\t\t<\/ul>\n\t\t\t\t<\/div>\n\n\t\t\t\t<div class=\"bp-card bp-co-channel\">\n\t\t\t\t\t<div class=\"bp-co-channel-icon\" aria-hidden=\"true\">\n\t\t\t\t\t\t<svg width=\"20\" height=\"20\" viewBox=\"0 0 24 24\" fill=\"none\" stroke=\"currentColor\" stroke-width=\"2\" stroke-linecap=\"round\" stroke-linejoin=\"round\"><path d=\"M21 10c0 7-9 13-9 13s-9-6-9-13a9 9 0 0 1 18 0z\"\/><circle cx=\"12\" cy=\"10\" r=\"3\"\/><\/svg>\n\t\t\t\t\t<\/div>\n\t\t\t\t\t<span class=\"t-eyebrow\">Venez nous voir<\/span>\n\t\t\t\t\t<h3 class=\"t-h-card\">Bureaux<\/h3>\n\t\t\t\t\t<address class=\"bp-co-address\">\n\t\t\t\t\t\t130-10330 Cote-de-Liesse Rd<br>\n\t\t\t\t\t\tMontreal, QC, H8T 1A3<br>\n\t\t\t\t\t\tCanada\t\t\t\t\t<\/address>\n\t\t\t\t\t<a class=\"bp-co-line-cta\" href=\"https:\/\/maps.google.com\/?q=130-10330+Cote-de-Liesse+Rd+Montreal+QC+H8T+1A3\" target=\"_blank\" rel=\"noopener nofollow\">Ouvrir dans Google Maps \u2192<\/a>\n\t\t\t\t<\/div>\n\n\t\t\t\t<div class=\"bp-card bp-co-channel\">\n\t\t\t\t\t<div class=\"bp-co-channel-icon\" aria-hidden=\"true\">\n\t\t\t\t\t\t<svg width=\"20\" height=\"20\" viewBox=\"0 0 24 24\" fill=\"none\" stroke=\"currentColor\" stroke-width=\"2\" stroke-linecap=\"round\" stroke-linejoin=\"round\"><path d=\"M4 4h16c1.1 0 2 .9 2 2v12c0 1.1-.9 2-2 2H4c-1.1 0-2-.9-2-2V6c0-1.1.9-2 2-2z\"\/><polyline points=\"22,6 12,13 2,6\"\/><\/svg>\n\t\t\t\t\t<\/div>\n\t\t\t\t\t<span class=\"t-eyebrow\">\u00c9crivez-nous<\/span>\n\t\t\t\t\t<h3 class=\"t-h-card\">Courriel<\/h3>\n\t\t\t\t\t<ul class=\"bp-co-lines\">\n\t\t\t\t\t\t<li><span class=\"bp-co-line-label\">Support<\/span> <a href=\"mailto:support@emak.tech\">support@emak.tech<\/a><\/li>\n\t\t\t\t\t\t<li><span class=\"bp-co-line-label\">Ventes<\/span> <a href=\"mailto:sales@emak.tech\">sales@emak.tech<\/a><\/li>\n\t\t\t\t\t<\/ul>\n\t\t\t\t\t<a class=\"bp-co-line-cta\" href=\"https:\/\/emak.tech\/fr\/demander-un-rappel\/\">Demander un rappel \u2192<\/a>\n\t\t\t\t<\/div>\n\n\t\t\t<\/div>\n\t\t<\/div>\n\t<\/section>\n\n\t<!-- Map -->\n\t<section class=\"bp-co-map-section\">\n\t\t<div class=\"bp-page-inner\">\n\t\t\t<div class=\"bp-co-map\">\n\t\t\t\t<iframe\n\t\t\t\t\tclass=\"bp-co-map-iframe\"\n\t\t\t\t\tsrc=\"https:\/\/www.google.com\/maps\/embed?pb=!1m18!1m12!1m3!1d699.5606554329122!2d-73.71845209366725!3d45.46491626240835!2m3!1f0!2f0!3f0!3m2!1i1024!2i768!4f13.1!3m3!1m2!1s0x4cc917cdd5c50aad%3A0xe41a0e0ae52a0b86!2s10330%20De%20la%20C%C3%B4te-de-Liesse%20Rd%2C%20Montreal%2C%20QC%20H8T%201A3!5e0!3m2!1sen!2sca!4v1705699956347!5m2!1sen!2sca\"\n\t\t\t\t\tstyle=\"border:0\"\n\t\t\t\t\tallowfullscreen=\"\"\n\t\t\t\t\tloading=\"lazy\"\n\t\t\t\t\treferrerpolicy=\"no-referrer-when-downgrade\"\n\t\t\t\t\ttitle=\"Adresse du bureau d&#039;EMAK Telecom\"><\/iframe>\n\t\t\t\t<div class=\"bp-co-map-card\" role=\"complementary\">\n\t\t\t\t\t<div class=\"bp-co-map-card-pin\" aria-hidden=\"true\">\n\t\t\t\t\t\t<svg width=\"18\" height=\"18\" viewBox=\"0 0 24 24\" fill=\"none\" stroke=\"currentColor\" stroke-width=\"2.2\" stroke-linecap=\"round\" stroke-linejoin=\"round\"><path d=\"M21 10c0 7-9 13-9 13s-9-6-9-13a9 9 0 0 1 18 0z\"\/><circle cx=\"12\" cy=\"10\" r=\"3\"\/><\/svg>\n\t\t\t\t\t<\/div>\n\t\t\t\t\t<div class=\"bp-co-map-card-meta\">\n\t\t\t\t\t\t<span class=\"bp-co-map-card-eyebrow\">Si\u00e8ge d\u2019EMAK Telecom<\/span>\n\t\t\t\t\t\t<span class=\"bp-co-map-card-addr\">130-10330 Cote-de-Liesse Rd, Montreal, QC<\/span>\n\t\t\t\t\t<\/div>\n\t\t\t\t\t<a class=\"bp-co-map-card-cta\" href=\"https:\/\/maps.google.com\/?q=130-10330+Cote-de-Liesse+Rd+Montreal+QC+H8T+1A3\" target=\"_blank\" rel=\"noopener nofollow\">\n\t\t\t\t\t\t<span>Itin\u00e9raire<\/span>\n\t\t\t\t\t\t<svg width=\"14\" height=\"14\" viewBox=\"0 0 24 24\" fill=\"none\" stroke=\"currentColor\" stroke-width=\"2.2\" stroke-linecap=\"round\" stroke-linejoin=\"round\" aria-hidden=\"true\"><line x1=\"7\" y1=\"17\" x2=\"17\" y2=\"7\"\/><polyline points=\"7 7 17 7 17 17\"\/><\/svg>\n\t\t\t\t\t<\/a>\n\t\t\t\t<\/div>\n\t\t\t<\/div>\n\t\t<\/div>\n\t<\/section>\n\n\t<!-- Social -->\n\t<section class=\"bp-co-social-section\">\n\t\t<div class=\"bp-page-inner\">\n\t\t\t<div class=\"bp-co-social-head\">\n\t\t\t\t<span class=\"t-eyebrow\">Connectez avec nous<\/span>\n\t\t\t\t<h2 class=\"t-h-section\">Ou trouvez-nous sur les m\u00e9dias sociaux.<\/h2>\n\t\t\t<\/div>\n\t\t\t<div class=\"bp-co-social-grid\">\n\t\t\t\t<a class=\"bp-co-social-card\" href=\"https:\/\/www.linkedin.com\/company\/emak-technologies-inc-\/\" target=\"_blank\" rel=\"noopener nofollow\" aria-label=\"LinkedIn\">\n\t\t\t\t\t<svg width=\"22\" height=\"22\" viewBox=\"0 0 24 24\" fill=\"currentColor\" aria-hidden=\"true\"><path d=\"M19 3a2 2 0 0 1 2 2v14a2 2 0 0 1-2 2H5a2 2 0 0 1-2-2V5a2 2 0 0 1 2-2h14zM8.339 18.337v-8.49H5.667v8.49h2.672zM7.003 8.685a1.548 1.548 0 1 0 0-3.096 1.548 1.548 0 0 0 0 3.096zm11.335 9.652v-4.65c0-2.31-1.235-3.385-2.881-3.385-1.328 0-1.923.731-2.255 1.244v-1.067h-2.672c.035.755 0 8.49 0 8.49h2.672v-4.74c0-.241.018-.482.088-.654.193-.482.633-.98 1.371-.98.967 0 1.354.737 1.354 1.819v4.555h2.323z\"\/><\/svg>\n\t\t\t\t\t<span>LinkedIn<\/span>\n\t\t\t\t<\/a>\n\t\t\t\t<a class=\"bp-co-social-card\" href=\"https:\/\/www.facebook.com\/emaktech\/\" target=\"_blank\" rel=\"noopener nofollow\" aria-label=\"Facebook\">\n\t\t\t\t\t<svg width=\"22\" height=\"22\" viewBox=\"0 0 24 24\" fill=\"currentColor\" aria-hidden=\"true\"><path d=\"M22 12c0-5.523-4.477-10-10-10S2 6.477 2 12c0 4.991 3.657 9.128 8.438 9.878v-6.987h-2.54V12h2.54V9.797c0-2.506 1.492-3.89 3.777-3.89 1.094 0 2.238.195 2.238.195v2.46h-1.26c-1.243 0-1.63.771-1.63 1.562V12h2.773l-.443 2.89h-2.33v6.988C18.343 21.128 22 16.991 22 12z\"\/><\/svg>\n\t\t\t\t\t<span>Facebook<\/span>\n\t\t\t\t<\/a>\n\t\t\t\t<a class=\"bp-co-social-card\" href=\"https:\/\/twitter.com\/Emak_Telecom\" target=\"_blank\" rel=\"noopener nofollow\" aria-label=\"X (Twitter)\">\n\t\t\t\t\t<svg width=\"22\" height=\"22\" viewBox=\"0 0 24 24\" fill=\"currentColor\" aria-hidden=\"true\"><path d=\"M18.244 2.25h3.308l-7.227 8.26 8.502 11.24H16.17l-5.214-6.817L4.99 21.75H1.68l7.73-8.835L1.254 2.25H8.08l4.713 6.231zm-1.161 17.52h1.833L7.084 4.126H5.117z\"\/><\/svg>\n\t\t\t\t\t<span>X \/ Twitter<\/span>\n\t\t\t\t<\/a>\n\t\t\t\t<a class=\"bp-co-social-card\" href=\"https:\/\/www.instagram.com\/emak_telecom\/\" target=\"_blank\" rel=\"noopener nofollow\" aria-label=\"Instagram\">\n\t\t\t\t\t<svg width=\"22\" height=\"22\" viewBox=\"0 0 24 24\" fill=\"none\" stroke=\"currentColor\" stroke-width=\"1.8\" stroke-linecap=\"round\" stroke-linejoin=\"round\" aria-hidden=\"true\"><rect x=\"2\" y=\"2\" width=\"20\" height=\"20\" rx=\"5\" ry=\"5\"\/><path d=\"M16 11.37A4 4 0 1 1 12.63 8 4 4 0 0 1 16 11.37z\"\/><line x1=\"17.5\" y1=\"6.5\" x2=\"17.51\" y2=\"6.5\"\/><\/svg>\n\t\t\t\t\t<span>Instagram<\/span>\n\t\t\t\t<\/a>\n\t\t\t<\/div>\n\t\t<\/div>\n\t<\/section>\n\n<\/article>\n\n\t\n","protected":false},"excerpt":{"rendered":"","protected":false},"author":1,"featured_media":0,"parent":0,"menu_order":5,"comment_status":"closed","ping_status":"closed","template":"","meta":{"footnotes":""},"class_list":["post-8155","page","type-page","status-publish","hentry"],"_links":{"self":[{"href":"https:\/\/emak.tech\/fr\/wp-json\/wp\/v2\/pages\/8155","targetHints":{"allow":["GET"]}}],"collection":[{"href":"https:\/\/emak.tech\/fr\/wp-json\/wp\/v2\/pages"}],"about":[{"href":"https:\/\/emak.tech\/fr\/wp-json\/wp\/v2\/types\/page"}],"author":[{"embeddable":true,"href":"https:\/\/emak.tech\/fr\/wp-json\/wp\/v2\/users\/1"}],"replies":[{"embeddable":true,"href":"https:\/\/emak.tech\/fr\/wp-json\/wp\/v2\/comments?post=8155"}],"version-history":[{"count":18,"href":"https:\/\/emak.tech\/fr\/wp-json\/wp\/v2\/pages\/8155\/revisions"}],"predecessor-version":[{"id":10352,"href":"https:\/\/emak.tech\/fr\/wp-json\/wp\/v2\/pages\/8155\/revisions\/10352"}],"wp:attachment":[{"href":"https:\/\/emak.tech\/fr\/wp-json\/wp\/v2\/media?parent=8155"}],"curies":[{"name":"wp","href":"https:\/\/api.w.org\/{rel}","templated":true}]}}