{"id":8187,"date":"2015-09-03T07:30:47","date_gmt":"2015-09-03T07:30:47","guid":{"rendered":"https:\/\/emak.tech\/about-us\/"},"modified":"2022-05-19T20:46:52","modified_gmt":"2022-05-20T01:46:52","slug":"a_propos","status":"publish","type":"page","link":"https:\/\/emak.tech\/fr\/a_propos\/","title":{"rendered":"\u00c0 propos"},"content":{"rendered":"<div class=\"wpb-content-wrapper\"><p>[vc_row full_width=&#8221;stretch_row&#8221; css=&#8221;.vc_custom_1575571930999{margin-top: -30px !important;padding-right: 0px !important;padding-left: 0px !important;background-image: url(https:\/\/emak.tech\/wp-content\/uploads\/2015\/09\/montreal-skyline.jpg?id=523) !important;background-position: center !important;background-repeat: no-repeat !important;background-size: cover !important;}&#8221; el_class=&#8221;page-title&#8221;][vc_column][vc_column_text css=&#8221;.vc_custom_1604352633558{padding-top: 30px !important;padding-right: 0px !important;padding-bottom: 45px !important;padding-left: 0px !important;}&#8221;]<\/p>\n<h1 style=\"text-align: center;\"><span style=\"color: #ffffff;\">\u00c0 Propos<\/span><\/h1>\n<div class=\"page-subtitle\" style=\"text-align: center;\"><span style=\"color: #ffffff;\">La compagnie de t\u00e9l\u00e9phonie la plus fiable au Canada<\/span><\/div>\n<p>[\/vc_column_text][\/vc_column][\/vc_row][vc_row full_width=&#8221;stretch_row&#8221; css=&#8221;.vc_custom_1575572671816{margin-bottom: -30px !important;background-color: #ffffff !important;}&#8221;][vc_column]<div class=\"wpb_content_element vc_titles title_align_left\"><h1 class=\"title-sh has_subtitle_bottom\">EMAK Telecom<\/h1><div class=\"subtitle_bottom subtitleh1\">Communications Fiables<\/div><\/div>[\/vc_column][\/vc_row][vc_row full_width=&#8221;stretch_row&#8221; css=&#8221;.vc_custom_1571271403061{background-color: #ffffff !important;}&#8221;][vc_column width=&#8221;2\/3&#8243;][vc_column_text]EMAK Telecom est une compagnie de t\u00e9l\u00e9phone bas\u00e9e \u00e0 Montr\u00e9al qui fournit les services de communications sans contrat les plus fiables aux petites et moyennes entreprises \u00e0 travers le Canada. Nous croyons que les propri\u00e9taires d\u2019entreprises canadiennes \u00e0 travers le pays m\u00e9ritent un service t\u00e9l\u00e9phonique innovateur, riche en fonctionnalit\u00e9s \u00e0 des prix inf\u00e9rieurs \u00e0 ceux offerts par les g\u00e9ants, et nous ne pensons pas que vous devriez avoir \u00e0 faire des compromis sur la fiabilit\u00e9 ou la qualit\u00e9 du service pour y parvenir.<\/p>\n<p>Nous sommes fiers d&#8217;offrir des prix tout inclus comp\u00e9titifs \u00e0 nos clients. Tous nos plans commerciaux incluent toutes les fonctionnalit\u00e9s innovatrices. Vous n&#8217;avez donc pas besoin de passer des heures \u00e0 lire des tableaux de comparaison des fonctionnalit\u00e9s. Ce que vous voyez est ce que vous obtenez.<\/p>\n<p>Gr\u00e2ce \u00e0 plus de 17 ans d&#8217;exp\u00e9rience dans le domaine, nous aidons chacun de nos clients \u00e0 am\u00e9liorer leurs flux de travail de communication afin de tirer avantage de notre large gamme de fonctionnalit\u00e9s. Nous fournissons des services \u00e0 toutes sortes d&#8217;entreprises \u00e0 travers le pays et proposons des offres personnalis\u00e9es pour les secteurs suivants:<\/p>\n<ul>\n<li>Cliniques et soins de sant\u00e9<\/li>\n<li>Restauration et services alimentaires<\/li>\n<li>Finance et comptabilit\u00e9<\/li>\n<li>Cabinets d&#8217;avocats et notaires<\/li>\n<\/ul>\n<p>Appelez-nous d\u00e8s aujourd&#8217;hui et parlez sans-frais \u00e0 l&#8217;un de nos sp\u00e9cialistes afin de d\u00e9couvrir \u00e0 quel point vos communications commerciales peuvent vraiment \u00eatre am\u00e9lior\u00e9s![\/vc_column_text][\/vc_column][vc_column width=&#8221;1\/3&#8243;][vc_single_image image=&#8221;6356&#8243; img_size=&#8221;medium&#8221; alignment=&#8221;center&#8221; css_animation=&#8221;flipInX&#8221; css=&#8221;.vc_custom_1582927668724{padding-top: 120px !important;padding-bottom: 120px !important;}&#8221;][\/vc_column][\/vc_row][vc_row full_width=&#8221;stretch_row&#8221; css=&#8221;.vc_custom_1581548674033{background-color: #ffffff !important;}&#8221;][vc_column css_animation=&#8221;none&#8221; width=&#8221;1\/4&#8243;]<script>\n\t\t \/\/ start all the timers\n\t\t jQuery(document).ready(function($){\n  \n \t\n\t\t\t\/\/ custom callback when counting completes\n\t\t\t jQuery(\"#counter_3765\").data(\"countToOptions\", {\n\t\t\t\tonComplete: function (value) {\n\t\t\t\t\tjQuery(\".counter-specific-wrapper-3765 span.after-counter-text\").css({\"display\":\"inline-block\"});\n\t\t\t\t}\n\t\t\t });\n\t\t\tfunction count(options) {\n\t\t\t\tvar $this = $(this);\n\t\t\t\toptions = $.extend({}, options || {}, $this.data(\"countToOptions\") || {});\n\t\t\t\t$this.countTo(options);\n\t\t\t  }\n\n\t\t\tif (typeof jQuery.fn.waypoint !== \"undefined\") {\n\t\t\t\tjQuery(\"#counter_3765\").waypoint(function($) {\n\t\t\t\t     jQuery(\".counter-specific-wrapper-3765 span.after-counter-text\").css({\"display\":\"none\"});\n\t\t\t\t\t jQuery(\"#counter_3765\").each(count);\n\t\t\t\t}, { offset: \"95%\" });\n\t\t\t}\n\t\t\t });\n\t\t<\/script><div class=\"wpb_content_element counter-wrapper counter-specific-wrapper-3765\"><div class=\"counter-icon-wrapper\"><img decoding=\"async\" class=\"counter-icon-image\" alt=\"Ann\u00e9es d&#039;experience\" src=\"https:\/\/emak.tech\/wp-content\/uploads\/2015\/09\/years-in-marketing-1.png\"  \/><\/div><div class=\"counter-description\"><b class=\"counter_execute\" id=\"counter_3765\" data-from=\"0\" data-to=\"17\" data-speed=\"1500\"><\/b><p class=\"counter-title\">Ann\u00e9es d&#039;experience<\/p><\/div><\/div>[\/vc_column][vc_column width=&#8221;1\/4&#8243;]<script>\n\t\t \/\/ start all the timers\n\t\t jQuery(document).ready(function($){\n  \n \t\n\t\t\t\/\/ custom callback when counting completes\n\t\t\t jQuery(\"#counter_424\").data(\"countToOptions\", {\n\t\t\t\tonComplete: function (value) {\n\t\t\t\t\tjQuery(\".counter-specific-wrapper-424 span.after-counter-text\").css({\"display\":\"inline-block\"});\n\t\t\t\t}\n\t\t\t });\n\t\t\tfunction count(options) {\n\t\t\t\tvar $this = $(this);\n\t\t\t\toptions = $.extend({}, options || {}, $this.data(\"countToOptions\") || {});\n\t\t\t\t$this.countTo(options);\n\t\t\t  }\n\n\t\t\tif (typeof jQuery.fn.waypoint !== \"undefined\") {\n\t\t\t\tjQuery(\"#counter_424\").waypoint(function($) {\n\t\t\t\t     jQuery(\".counter-specific-wrapper-424 span.after-counter-text\").css({\"display\":\"none\"});\n\t\t\t\t\t jQuery(\"#counter_424\").each(count);\n\t\t\t\t}, { offset: \"95%\" });\n\t\t\t}\n\t\t\t });\n\t\t<\/script><div class=\"wpb_content_element counter-wrapper counter-specific-wrapper-424\"><div class=\"counter-icon-wrapper\"><img decoding=\"async\" class=\"counter-icon-image\" alt=\"Membres d&#039;\u00e9quipe\" src=\"https:\/\/emak.tech\/wp-content\/uploads\/2015\/09\/team-members-1.png\"  \/><\/div><div class=\"counter-description\"><b class=\"counter_execute\" id=\"counter_424\" data-from=\"0\" data-to=\"7\" data-speed=\"1500\"><\/b><p class=\"counter-title\">Membres d&#039;\u00e9quipe<\/p><\/div><\/div>[\/vc_column][vc_column width=&#8221;1\/4&#8243;]<script>\n\t\t \/\/ start all the timers\n\t\t jQuery(document).ready(function($){\n  \n \t\n\t\t\t\/\/ custom callback when counting completes\n\t\t\t jQuery(\"#counter_7148\").data(\"countToOptions\", {\n\t\t\t\tonComplete: function (value) {\n\t\t\t\t\tjQuery(\".counter-specific-wrapper-7148 span.after-counter-text\").css({\"display\":\"inline-block\"});\n\t\t\t\t}\n\t\t\t });\n\t\t\tfunction count(options) {\n\t\t\t\tvar $this = $(this);\n\t\t\t\toptions = $.extend({}, options || {}, $this.data(\"countToOptions\") || {});\n\t\t\t\t$this.countTo(options);\n\t\t\t  }\n\n\t\t\tif (typeof jQuery.fn.waypoint !== \"undefined\") {\n\t\t\t\tjQuery(\"#counter_7148\").waypoint(function($) {\n\t\t\t\t     jQuery(\".counter-specific-wrapper-7148 span.after-counter-text\").css({\"display\":\"none\"});\n\t\t\t\t\t jQuery(\"#counter_7148\").each(count);\n\t\t\t\t}, { offset: \"95%\" });\n\t\t\t}\n\t\t\t });\n\t\t<\/script><div class=\"wpb_content_element counter-wrapper counter-specific-wrapper-7148\"><div class=\"counter-icon-wrapper\"><img decoding=\"async\" class=\"counter-icon-image\" alt=\"Appels Achemin\u00e9s\" src=\"https:\/\/emak.tech\/wp-content\/uploads\/2015\/09\/finished-projects-1.png\"  \/><\/div><div class=\"counter-description\"><b class=\"counter_execute\" id=\"counter_7148\" data-from=\"0\" data-to=\"10\" data-speed=\"1500\"><\/b><span class=\"after-counter-text\">M+<\/span><p class=\"counter-title\">Appels Achemin\u00e9s<\/p><\/div><\/div>[\/vc_column][vc_column width=&#8221;1\/4&#8243;]<script>\n\t\t \/\/ start all the timers\n\t\t jQuery(document).ready(function($){\n  \n \t\n\t\t\t\/\/ custom callback when counting completes\n\t\t\t jQuery(\"#counter_9043\").data(\"countToOptions\", {\n\t\t\t\tonComplete: function (value) {\n\t\t\t\t\tjQuery(\".counter-specific-wrapper-9043 span.after-counter-text\").css({\"display\":\"inline-block\"});\n\t\t\t\t}\n\t\t\t });\n\t\t\tfunction count(options) {\n\t\t\t\tvar $this = $(this);\n\t\t\t\toptions = $.extend({}, options || {}, $this.data(\"countToOptions\") || {});\n\t\t\t\t$this.countTo(options);\n\t\t\t  }\n\n\t\t\tif (typeof jQuery.fn.waypoint !== \"undefined\") {\n\t\t\t\tjQuery(\"#counter_9043\").waypoint(function($) {\n\t\t\t\t     jQuery(\".counter-specific-wrapper-9043 span.after-counter-text\").css({\"display\":\"none\"});\n\t\t\t\t\t jQuery(\"#counter_9043\").each(count);\n\t\t\t\t}, { offset: \"95%\" });\n\t\t\t}\n\t\t\t });\n\t\t<\/script><div class=\"wpb_content_element counter-wrapper counter-specific-wrapper-9043\"><div class=\"counter-icon-wrapper\"><img decoding=\"async\" class=\"counter-icon-image\" alt=\"Utilisateurs\" src=\"https:\/\/emak.tech\/wp-content\/uploads\/2015\/09\/deal-50px.png\"  \/><\/div><div class=\"counter-description\"><b class=\"counter_execute\" id=\"counter_9043\" data-from=\"0\" data-to=\"2800\" data-speed=\"1500\"><\/b><span class=\"after-counter-text\">+<\/span><p class=\"counter-title\">Utilisateurs<\/p><\/div><\/div>[\/vc_column][\/vc_row][vc_row full_width=&#8221;stretch_row&#8221; css=&#8221;.vc_custom_1571271522712{background-color: #ffffff !important;}&#8221;][vc_column][vc_empty_space][\/vc_column][\/vc_row]<\/p>\n<\/div>","protected":false},"excerpt":{"rendered":"<p>[vc_row full_width=&#8221;stretch_row&#8221; css=&#8221;.vc_custom_1575571930999{margin-top: -30px !important;padding-right: 0px !important;padding-left: 0px !important;background-image: url(https:\/\/emak.tech\/wp-content\/uploads\/2015\/09\/montreal-skyline.jpg?id=523) !important;background-position: center !important;background-repeat: no-repeat !important;background-size: cover !important;}&#8221; el_class=&#8221;page-title&#8221;][vc_column][vc_column_text css=&#8221;.vc_custom_1604352633558{padding-top: 30px !important;padding-right: 0px !important;padding-bottom: 45px !important;padding-left: 0px !important;}&#8221;] \u00c0 Propos La compagnie de t\u00e9l\u00e9phonie la plus fiable au Canada [\/vc_column_text][\/vc_column][\/vc_row][vc_row full_width=&#8221;stretch_row&#8221; css=&#8221;.vc_custom_1575572671816{margin-bottom: -30px !important;background-color: #ffffff !important;}&#8221;][vc_column][\/vc_column][\/vc_row][vc_row full_width=&#8221;stretch_row&#8221; css=&#8221;.vc_custom_1571271403061{background-color: #ffffff !important;}&#8221;][vc_column width=&#8221;2\/3&#8243;][vc_column_text]EMAK Telecom est une compagnie de [&hellip;]<\/p>\n","protected":false},"author":1,"featured_media":0,"parent":0,"menu_order":3,"comment_status":"closed","ping_status":"closed","template":"","meta":{"footnotes":""},"class_list":["post-8187","page","type-page","status-publish","hentry"],"_links":{"self":[{"href":"https:\/\/emak.tech\/fr\/wp-json\/wp\/v2\/pages\/8187","targetHints":{"allow":["GET"]}}],"collection":[{"href":"https:\/\/emak.tech\/fr\/wp-json\/wp\/v2\/pages"}],"about":[{"href":"https:\/\/emak.tech\/fr\/wp-json\/wp\/v2\/types\/page"}],"author":[{"embeddable":true,"href":"https:\/\/emak.tech\/fr\/wp-json\/wp\/v2\/users\/1"}],"replies":[{"embeddable":true,"href":"https:\/\/emak.tech\/fr\/wp-json\/wp\/v2\/comments?post=8187"}],"version-history":[{"count":7,"href":"https:\/\/emak.tech\/fr\/wp-json\/wp\/v2\/pages\/8187\/revisions"}],"predecessor-version":[{"id":10175,"href":"https:\/\/emak.tech\/fr\/wp-json\/wp\/v2\/pages\/8187\/revisions\/10175"}],"wp:attachment":[{"href":"https:\/\/emak.tech\/fr\/wp-json\/wp\/v2\/media?parent=8187"}],"curies":[{"name":"wp","href":"https:\/\/api.w.org\/{rel}","templated":true}]}}