{"id":8199,"date":"2017-05-22T13:45:53","date_gmt":"2017-05-22T18:45:53","guid":{"rendered":"https:\/\/emak.tech\/support\/"},"modified":"2023-01-19T14:56:50","modified_gmt":"2023-01-19T19:56:50","slug":"support","status":"publish","type":"page","link":"https:\/\/emak.tech\/fr\/support\/","title":{"rendered":"Soutien technique"},"content":{"rendered":"<div class=\"wpb-content-wrapper\"><p>[vc_row full_width=&#8221;stretch_row&#8221; css=&#8221;.vc_custom_1574315710066{background-image: url(https:\/\/emak.tech\/wp-content\/uploads\/2015\/09\/contact-bg-title-1.jpg?id=166) !important;background-position: center !important;background-repeat: no-repeat !important;background-size: cover !important;}&#8221;][vc_column][vc_row_inner][vc_column_inner][vc_column_text el_class=&#8221;size-40&#8243; css=&#8221;.vc_custom_1604636032555{background-position: center !important;background-repeat: no-repeat !important;background-size: cover !important;}&#8221;]<\/p>\n<p style=\"text-align: center;\"><span style=\"color: #ffffff; text-shadow: 2px 2px 8px #000;\">Bienvenue au soutien technique EMAK Telecom<\/span><\/p>\n<p>[\/vc_column_text][vc_empty_space height=&#8221;28px&#8221; css=&#8221;.vc_custom_1574315680354{background-position: center !important;background-repeat: no-repeat !important;background-size: cover !important;}&#8221;][\/vc_column_inner][\/vc_row_inner][vc_row_inner][vc_column_inner width=&#8221;1\/6&#8243;][\/vc_column_inner][vc_column_inner width=&#8221;2\/3&#8243; css=&#8221;.vc_custom_1575567384368{padding-right: 10% !important;padding-left: 10% !important;}&#8221;][vc_wp_search][vc_empty_space height=&#8221;80px&#8221;][\/vc_column_inner][vc_column_inner width=&#8221;1\/6&#8243;][vc_column_text el_class=&#8221;size-15&#8243;]<\/p>\n<p style=\"text-align: right;\"><span style=\"color: #ffffff;\"><strong>Soutien technique:<\/strong><br \/>\n<\/span><span style=\"color: #ffffff;\">Appelez: *611<br \/>\n(514) 400-0226<br \/>\nsupport@emak.tech<br \/>\n<\/span>[\/vc_column_text][\/vc_column_inner][\/vc_row_inner][\/vc_column][\/vc_row][vc_row full_width=&#8221;stretch_row&#8221; css=&#8221;.vc_custom_1574298201706{background-color: #ffffff !important;}&#8221;][vc_column width=&#8221;1\/2&#8243;][vc_row_inner][vc_column_inner el_class=&#8221;noshrink&#8221; width=&#8221;1\/4&#8243;][vc_empty_space height=&#8221;100px&#8221;][vc_single_image image=&#8221;3667&#8243; alignment=&#8221;center&#8221;][\/vc_column_inner][vc_column_inner width=&#8221;3\/4&#8243;][vc_column_text el_class=&#8221;size-40&#8243; css=&#8221;.vc_custom_1574321833981{margin-bottom: 0px !important;}&#8221;]<\/p>\n<h2><strong>Guides de d\u00e9marrage<br \/>\n<\/strong><\/h2>\n<p>[\/vc_column_text][vc_column_text el_class=&#8221;size-20&#8243; css=&#8221;.vc_custom_1604673974748{margin-bottom: 8px !important;}&#8221;]<\/p>\n<p class=\"lead\">Apprenez tout sur les bases et les fonctionnalit\u00e9s de votre nouveau syst\u00e8me t\u00e9l\u00e9phonique.<\/p>\n<p><a href=\"https:\/\/emak.tech\/fr\/support\/comment-se-preparer-pour-votre-installation-emak-telecom\/\">Comment se pr\u00e9parer pour votre installation EMAK Telecom<\/a><\/p>\n<p><a href=\"https:\/\/emak.tech\/fr\/support\/comment-rejoindre-le-support-technique-de-emak-telecom\/\">Contacter le support technique<\/a><\/p>\n<p><a href=\"https:\/\/emak.tech\/fr\/support\/comment-se-connecter-au-portail-telephonique\/\">Connection au portail t\u00e9l\u00e9phonique<\/a><\/p>\n<p><a href=\"https:\/\/emak.tech\/fr\/support\/envoyer-un-fax-en-ligne\/\">Envoyer une t\u00e9l\u00e9copie en ligne<\/a>[\/vc_column_text][vc_btn title=&#8221;Voir plus&#8221; style=&#8221;outline-custom&#8221; outline_custom_color=&#8221;#ff8800&#8243; outline_custom_hover_background=&#8221;&#8221; outline_custom_hover_text=&#8221;#333333&#8243; shape=&#8221;round&#8221; el_class=&#8221;support-button&#8221; css=&#8221;.vc_custom_1605717339168{margin-top: 20px !important;}&#8221; link=&#8221;url:https%3A%2F%2Femak.tech%2Ffr%2Fsupport-category%2Fguides-de-demarrage%2F&#8221;][\/vc_column_inner][\/vc_row_inner][\/vc_column][vc_column width=&#8221;1\/2&#8243;][vc_row_inner][vc_column_inner el_class=&#8221;noshrink&#8221; width=&#8221;1\/4&#8243;][vc_empty_space height=&#8221;100px&#8221;][vc_single_image image=&#8221;3609&#8243; alignment=&#8221;center&#8221;][\/vc_column_inner][vc_column_inner width=&#8221;3\/4&#8243;][vc_column_text el_class=&#8221;size-40&#8243; css=&#8221;.vc_custom_1574312618618{margin-bottom: 0px !important;}&#8221;]<\/p>\n<h2><strong>Compte<\/strong><\/h2>\n<p>[\/vc_column_text][vc_column_text el_class=&#8221;size-20&#8243; css=&#8221;.vc_custom_1596580196062{margin-bottom: 8px !important;}&#8221;]Tout ce dont vous avez besoin et plus pour g\u00e9rer votre compte EMAK.<\/p>\n<p><a href=\"https:\/\/emak.tech\/fr\/support\/acceder-au-portail-de-facturation\/\">Acc\u00e9der au portail de facturation<\/a><\/p>\n<p><a href=\"https:\/\/emak.tech\/fr\/support\/comment-payer-ma-facture\/\">Comment payer ma facture?<\/a><\/p>\n<p><a href=\"#\">Visionner le rapport d\u2019appels interurbains<\/a>[\/vc_column_text][vc_btn title=&#8221;Voir plus&#8221; style=&#8221;outline-custom&#8221; outline_custom_color=&#8221;#ff8800&#8243; outline_custom_hover_background=&#8221;&#8221; outline_custom_hover_text=&#8221;#333333&#8243; shape=&#8221;round&#8221; el_class=&#8221;support-button&#8221; link=&#8221;url:https%3A%2F%2Femak.tech%2Ffr%2Fsupport-category%2Fcompte%2F|title:Voir%20plus&#8221; css=&#8221;.vc_custom_1605723206556{margin-top: 20px !important;}&#8221;][\/vc_column_inner][\/vc_row_inner][\/vc_column][\/vc_row][vc_row full_width=&#8221;stretch_row&#8221; css=&#8221;.vc_custom_1574314432197{background-color: #ffffff !important;}&#8221;][vc_column css=&#8221;.vc_custom_1574314773613{padding-top: 8px !important;}&#8221;][vc_separator css=&#8221;.vc_custom_1574314567100{margin-top: 1px !important;margin-bottom: 1px !important;padding-top: 0px !important;padding-bottom: 0px !important;}&#8221;][\/vc_column][\/vc_row][vc_row full_width=&#8221;stretch_row&#8221; css=&#8221;.vc_custom_1574314609373{background-color: #ffffff !important;}&#8221;][vc_column width=&#8221;1\/2&#8243;][vc_row_inner][vc_column_inner el_class=&#8221;noshrink&#8221; width=&#8221;1\/4&#8243;][vc_empty_space height=&#8221;100px&#8221;][vc_single_image image=&#8221;3665&#8243; alignment=&#8221;center&#8221;][\/vc_column_inner][vc_column_inner width=&#8221;3\/4&#8243;][vc_column_text el_class=&#8221;size-40&#8243; css=&#8221;.vc_custom_1574314296459{margin-bottom: 0px !important;}&#8221;]<\/p>\n<h2><strong>Appareils<\/strong><\/h2>\n<p>[\/vc_column_text][vc_column_text el_class=&#8221;size-20&#8243; css=&#8221;.vc_custom_1674158206080{margin-bottom: 8px !important;}&#8221;]<\/p>\n<p class=\"lead\">D\u00e9couvrez comment utiliser ou d\u00e9panner votre t\u00e9l\u00e9phone, votre casque et d\u2019autres appareils.<\/p>\n<p><a href=\"https:\/\/emak.tech\/fr\/support\/guides-dutilisateur-du-telephone-yealink\/\">Guides t\u00e9l\u00e9phonique Yealink<\/a><\/p>\n<p><a href=\"https:\/\/emak.tech\/fr\/support\/logiciel-telephonique-emak-pour-windows\/\">Installation de l&#8217;application t\u00e9l\u00e9phonique pour Windows<\/a><\/p>\n<p><a href=\"https:\/\/emak.tech\/fr\/support\/configuration-app-bria-mobile\/\">Configurer l\u2019application mobile Bria<\/a><\/p>\n<p><a href=\"https:\/\/emak.tech\/fr\/support\/application-mobile-groundwire-par-acrobits-pour-iphone-ou-android\/\">Configurer l\u2019application mobile Groundwire<\/a>[\/vc_column_text][vc_btn title=&#8221;Voir plus&#8221; style=&#8221;outline-custom&#8221; outline_custom_color=&#8221;#ff8800&#8243; outline_custom_hover_background=&#8221;&#8221; outline_custom_hover_text=&#8221;#333333&#8243; shape=&#8221;round&#8221; el_class=&#8221;support-button&#8221; css=&#8221;.vc_custom_1605723369768{margin-top: 20px !important;}&#8221; link=&#8221;url:https%3A%2F%2Femak.tech%2Ffr%2Fsupport-category%2Fappareils%2F&#8221;][\/vc_column_inner][\/vc_row_inner][\/vc_column][vc_column width=&#8221;1\/2&#8243;][vc_row_inner][vc_column_inner el_class=&#8221;noshrink&#8221; width=&#8221;1\/4&#8243;][vc_empty_space height=&#8221;100px&#8221;][vc_single_image image=&#8221;3631&#8243; alignment=&#8221;center&#8221;][\/vc_column_inner][vc_column_inner width=&#8221;3\/4&#8243;][vc_column_text el_class=&#8221;size-40&#8243; css=&#8221;.vc_custom_1575674862224{margin-bottom: 0px !important;}&#8221;]<\/p>\n<h2><strong>Fonctionnalit\u00e9s<br \/>\n<\/strong><\/h2>\n<p>[\/vc_column_text][vc_column_text el_class=&#8221;size-20&#8243; css=&#8221;.vc_custom_1605550369736{margin-bottom: 8px !important;}&#8221;]<\/p>\n<p class=\"lead\">D\u00e9couvrez nos fonctionnalit\u00e9s avanc\u00e9es de t\u00e9l\u00e9phonie et du portail con\u00e7ues pour les utilisateurs avanc\u00e9s.<\/p>\n<p><a href=\"https:\/\/emak.tech\/fr\/support\/boite-vocale\/\">Comment acc\u00e9der \u00e0 la bo\u00eete vocale<\/a><\/p>\n<p><a href=\"https:\/\/emak.tech\/fr\/support\/envoyer-un-fax-en-ligne\/\">Envoi et r\u00e9ception de fax<\/a><\/p>\n<p><a href=\"https:\/\/emak.tech\/fr\/support\/phone-feature-codes\/\">Codes de fonction du t\u00e9l\u00e9phone<\/a>[\/vc_column_text][vc_btn title=&#8221;Voir plus&#8221; style=&#8221;outline-custom&#8221; outline_custom_color=&#8221;#ff8800&#8243; outline_custom_hover_background=&#8221;&#8221; outline_custom_hover_text=&#8221;#333333&#8243; shape=&#8221;round&#8221; el_class=&#8221;support-button&#8221; css=&#8221;.vc_custom_1605723272337{margin-top: 20px !important;}&#8221; link=&#8221;url:https%3A%2F%2Femak.tech%2Ffr%2Fsupport-category%2Ffonctionnalites%2F&#8221;][\/vc_column_inner][\/vc_row_inner][\/vc_column][\/vc_row][vc_row full_width=&#8221;stretch_row&#8221; css=&#8221;.vc_custom_1574314432197{background-color: #ffffff !important;}&#8221;][vc_column css=&#8221;.vc_custom_1574314755952{padding-top: 8px !important;}&#8221;][vc_separator css=&#8221;.vc_custom_1574314586964{margin-top: 1px !important;margin-bottom: 1px !important;}&#8221;][\/vc_column][\/vc_row][vc_row full_width=&#8221;stretch_row&#8221; css=&#8221;.vc_custom_1574298201706{background-color: #ffffff !important;}&#8221;][vc_column width=&#8221;1\/2&#8243;][vc_row_inner][vc_column_inner el_class=&#8221;noshrink&#8221; width=&#8221;1\/4&#8243;][vc_empty_space height=&#8221;100px&#8221;][vc_single_image image=&#8221;3633&#8243; alignment=&#8221;center&#8221;][\/vc_column_inner][vc_column_inner width=&#8221;3\/4&#8243;][vc_column_text el_class=&#8221;size-40&#8243; css=&#8221;.vc_custom_1574353612781{margin-bottom: 0px !important;}&#8221;]<\/p>\n<h2><strong>D\u00e9pannage<br \/>\n<\/strong><\/h2>\n<p>[\/vc_column_text][vc_column_text el_class=&#8221;size-20&#8243; css=&#8221;.vc_custom_1578688636749{margin-bottom: 8px !important;}&#8221;]<\/p>\n<p class=\"lead\">Si vous rencontrez des probl\u00e8mes avec vos appels ou votre service, commencez ici.<\/p>\n<p><a href=\"https:\/\/emak.tech\/fr\/support\/messagerie-vocale-ou-fax-e-mails-vers-indesirable-dans-outlook\/\">Vous ne recevez pas de messages vocaux ou de t\u00e9l\u00e9copies par courriel<\/a><\/p>\n<p><a href=\"#\" target=\"_blank\" rel=\"noopener noreferrer\">Impossible de placer des appels<\/a><\/p>\n<p><a href=\"#\">Le t\u00e9l\u00e9phone affiche aucun service<\/a>[\/vc_column_text][vc_btn title=&#8221;Voir plus&#8221; style=&#8221;outline-custom&#8221; outline_custom_color=&#8221;#ff8800&#8243; outline_custom_hover_background=&#8221;&#8221; outline_custom_hover_text=&#8221;#333333&#8243; shape=&#8221;round&#8221; el_class=&#8221;support-button&#8221; css=&#8221;.vc_custom_1605723305473{margin-top: 20px !important;}&#8221; link=&#8221;url:https%3A%2F%2Femak.tech%2Ffr%2Fsupport-category%2Fdepannage%2F&#8221;][\/vc_column_inner][\/vc_row_inner][\/vc_column][vc_column width=&#8221;1\/2&#8243;][vc_row_inner][vc_column_inner el_class=&#8221;noshrink&#8221; width=&#8221;1\/4&#8243;][vc_empty_space height=&#8221;100px&#8221;][vc_single_image image=&#8221;4264&#8243; alignment=&#8221;center&#8221;][\/vc_column_inner][vc_column_inner width=&#8221;3\/4&#8243;][vc_column_text el_class=&#8221;size-40&#8243; css=&#8221;.vc_custom_1575654576709{margin-bottom: 0px !important;}&#8221;]<\/p>\n<h2><strong>Notes techniques<br \/>\n<\/strong><\/h2>\n<p>[\/vc_column_text][vc_column_text el_class=&#8221;size-20&#8243; css=&#8221;.vc_custom_1604692812149{margin-bottom: 8px !important;}&#8221;]Notes techniques avanc\u00e9es pour les techniciens, les professionnels et les utilisateurs de extr\u00eamement avanc\u00e9s.<\/p>\n<p><a href=\"https:\/\/emak.tech\/fr\/support\/borne-universelle-1000-de-bell-mode-pont\/\">Mode pont (mode bridge) de la Borne Universelle Bell 1000<\/a>[\/vc_column_text][vc_btn title=&#8221;Voir plus&#8221; style=&#8221;outline-custom&#8221; outline_custom_color=&#8221;#ff8800&#8243; outline_custom_hover_background=&#8221;&#8221; outline_custom_hover_text=&#8221;#333333&#8243; shape=&#8221;round&#8221; el_class=&#8221;support-button&#8221; css=&#8221;.vc_custom_1605723287377{margin-top: 20px !important;}&#8221; link=&#8221;url:https%3A%2F%2Femak.tech%2Ffr%2Fsupport-category%2Fnotes-techniques%2F&#8221;][\/vc_column_inner][\/vc_row_inner][\/vc_column][\/vc_row][vc_row full_width=&#8221;stretch_row&#8221; css=&#8221;.vc_custom_1574315588882{background-color: #ffffff !important;}&#8221;][vc_column][vc_empty_space height=&#8221;60px&#8221;][\/vc_column][\/vc_row]<\/p>\n<\/div>","protected":false},"excerpt":{"rendered":"<p>[vc_row full_width=&#8221;stretch_row&#8221; css=&#8221;.vc_custom_1574315710066{background-image: url(https:\/\/emak.tech\/wp-content\/uploads\/2015\/09\/contact-bg-title-1.jpg?id=166) !important;background-position: center !important;background-repeat: no-repeat !important;background-size: cover !important;}&#8221;][vc_column][vc_row_inner][vc_column_inner][vc_column_text el_class=&#8221;size-40&#8243; css=&#8221;.vc_custom_1604636032555{background-position: center !important;background-repeat: no-repeat !important;background-size: cover !important;}&#8221;] Bienvenue au soutien technique EMAK Telecom [\/vc_column_text][vc_empty_space height=&#8221;28px&#8221; css=&#8221;.vc_custom_1574315680354{background-position: center !important;background-repeat: no-repeat !important;background-size: cover !important;}&#8221;][\/vc_column_inner][\/vc_row_inner][vc_row_inner][vc_column_inner width=&#8221;1\/6&#8243;][\/vc_column_inner][vc_column_inner width=&#8221;2\/3&#8243; css=&#8221;.vc_custom_1575567384368{padding-right: 10% !important;padding-left: 10% !important;}&#8221;][vc_wp_search][vc_empty_space height=&#8221;80px&#8221;][\/vc_column_inner][vc_column_inner width=&#8221;1\/6&#8243;][vc_column_text el_class=&#8221;size-15&#8243;] Soutien technique: Appelez: *611 (514) 400-0226 support@emak.tech [\/vc_column_text][\/vc_column_inner][\/vc_row_inner][\/vc_column][\/vc_row][vc_row full_width=&#8221;stretch_row&#8221; css=&#8221;.vc_custom_1574298201706{background-color: #ffffff [&hellip;]<\/p>\n","protected":false},"author":1,"featured_media":0,"parent":0,"menu_order":0,"comment_status":"closed","ping_status":"closed","template":"","meta":{"footnotes":""},"class_list":["post-8199","page","type-page","status-publish","hentry"],"_links":{"self":[{"href":"https:\/\/emak.tech\/fr\/wp-json\/wp\/v2\/pages\/8199","targetHints":{"allow":["GET"]}}],"collection":[{"href":"https:\/\/emak.tech\/fr\/wp-json\/wp\/v2\/pages"}],"about":[{"href":"https:\/\/emak.tech\/fr\/wp-json\/wp\/v2\/types\/page"}],"author":[{"embeddable":true,"href":"https:\/\/emak.tech\/fr\/wp-json\/wp\/v2\/users\/1"}],"replies":[{"embeddable":true,"href":"https:\/\/emak.tech\/fr\/wp-json\/wp\/v2\/comments?post=8199"}],"version-history":[{"count":78,"href":"https:\/\/emak.tech\/fr\/wp-json\/wp\/v2\/pages\/8199\/revisions"}],"predecessor-version":[{"id":10249,"href":"https:\/\/emak.tech\/fr\/wp-json\/wp\/v2\/pages\/8199\/revisions\/10249"}],"wp:attachment":[{"href":"https:\/\/emak.tech\/fr\/wp-json\/wp\/v2\/media?parent=8199"}],"curies":[{"name":"wp","href":"https:\/\/api.w.org\/{rel}","templated":true}]}}