{"id":8697,"date":"2020-11-24T12:51:33","date_gmt":"2020-11-24T17:51:33","guid":{"rendered":"https:\/\/emak.tech\/wifi-daffaires\/"},"modified":"2021-05-04T16:14:13","modified_gmt":"2021-05-04T21:14:13","slug":"wifi-daffaires","status":"publish","type":"page","link":"https:\/\/emak.tech\/fr\/services\/wifi-daffaires\/","title":{"rendered":"Wifi d&#8217;affaires"},"content":{"rendered":"<div class=\"wpb-content-wrapper\"><p>[vc_section css=&#8221;.vc_custom_1575432033781{margin-top: -30px !important;}&#8221;][vc_row full_width=&#8221;stretch_row&#8221; css=&#8221;.vc_custom_1575575533956{padding-right: 0px !important;padding-left: 0px !important;background-image: url(https:\/\/emak.tech\/wp-content\/uploads\/2017\/05\/3516bcdd-c38f-4763-8df8-33d5e48847a2.jpg?id=425) !important;background-position: center !important;background-repeat: no-repeat !important;background-size: cover !important;}&#8221; el_class=&#8221;page-title&#8221;][vc_column][vc_column_text css=&#8221;.vc_custom_1575575691297{padding-top: 45px !important;padding-bottom: 60px !important;}&#8221;]<\/p>\n<h1 style=\"text-align: center;\"><span style=\"color: #ffffff;\">WiFi d&#8217;affaires<\/span><\/h1>\n<div class=\"page-subtitle\" style=\"text-align: center;\"><span style=\"color: #ffffff;\">D\u00e9ploiements professinels de r\u00e9seaux sans fil d&#8217;affaires \u00e0 grande \u00e9chelle. Couverture garantie.<\/span><\/div>\n<p>[\/vc_column_text][\/vc_column][\/vc_row][vc_row full_width=&#8221;stretch_row&#8221; css=&#8221;.vc_custom_1575431994856{background-color: #ffffff !important;}&#8221;][vc_column]<div class=\"wpb_content_element vc_titles title_align_left\"><h2 class=\"title-sh\">Product Brief<\/h2><\/div>[vc_column_text]Notre vision du r\u00e9seau sans fil est simple: fournir des solutions sans fil abordables aux petites et moyennes entreprises qui n&#8217;est pas \u00e9pouvantable. Nous travaillons avec les meilleurs fournisseurs d&#8217;\u00e9quipements sans fil et avons de nombreuses ann\u00e9es d&#8217;exp\u00e9rience dans les d\u00e9ploiements de r\u00e9seaux sans fil, des r\u00e9seaux de petits bureaux aux grands r\u00e9seaux maill\u00e9s desservant les campus d&#8217;entreprise, les h\u00f4tels et plus encore.<\/p>\n<p>Ce qui nous distingue, ce sont nos techniques avanc\u00e9es de planification sans fil. Nous travaillons \u00e0 partir de votre plan d&#8217;\u00e9tage et simulons la couverture sans fil avant de d\u00e9ployer votre r\u00e9seau. Cela nous permet d&#8217;optimiser le placement des points d&#8217;acc\u00e8s, d&#8217;\u00e9viter les points morts et d&#8217;assurer une couverture coh\u00e9rente et fiable au plus bas co\u00fbt possible.<\/p>\n<p><img loading=\"lazy\" decoding=\"async\" class=\"aligncenter wp-image-479\" src=\"https:\/\/emak.tech\/wp-content\/uploads\/2017\/05\/FL1-SL-1024x498.png\" alt=\"Nos cartes thermiques nous permettent d'assurer une couverture coh\u00e9rente avant de d\u00e9ployer votre r\u00e9seau sans fil.\" width=\"600\" height=\"292\" srcset=\"https:\/\/emak.tech\/wp-content\/uploads\/2017\/05\/FL1-SL-1024x498.png 1024w, https:\/\/emak.tech\/wp-content\/uploads\/2017\/05\/FL1-SL-250x122.png 250w, https:\/\/emak.tech\/wp-content\/uploads\/2017\/05\/FL1-SL-600x292.png 600w, https:\/\/emak.tech\/wp-content\/uploads\/2017\/05\/FL1-SL-300x146.png 300w, https:\/\/emak.tech\/wp-content\/uploads\/2017\/05\/FL1-SL-768x373.png 768w, https:\/\/emak.tech\/wp-content\/uploads\/2017\/05\/FL1-SL.png 1600w\" sizes=\"auto, (max-width: 600px) 100vw, 600px\" \/>[\/vc_column_text][\/vc_column][\/vc_row][\/vc_section][vc_row full_width=&#8221;stretch_row&#8221; css=&#8221;.vc_custom_1575432004047{background-color: #ffffff !important;}&#8221;][vc_column]<div class=\"wpb_content_element vc_titles title_align_left\"><h3 class=\"title-sh\">Nos clients<\/h3><\/div><div class=\"blockquote wpb_content_element type1\"><p>EMAK Tech a pu livrer notre projet dans les d\u00e9lais et dans les limites du budget. Nous travaillerions \u00e0 nouveau avec EMAK en un clin d&#8217;\u0153il.<\/p>\n<p>&nbsp;<\/p>\n<p><em>-Loft H\u00f4tel<\/em><\/p><\/div><div class=\"lshowcase-clear-both\">&nbsp;<\/div><div class=\"lshowcase-logos \"><div class='lshowcase-flex' ><div  data-entry-id='1943' class='lshowcase-thumb lshowcase-opacity-enhance lshowcase-box-6 ls-business-phone ls-clients ls-wifi '><div style=\"padding:5%;\" class=\"lshowcase-wrap-responsive\"><div data-entry-id=\"1943\" class=\"lshowcase-boxInner\"><img data-original-title='iA Private Weatlh' data-entry-id='1943' src='https:\/\/emak.tech\/wp-content\/uploads\/2019\/09\/iA-Private-Wealth-logo-200x80-1.png'  width='200'  height = '80'  alt='iA Private Weatlh' title='' class='lshowcase-thumb'  \/><\/div><\/div><\/div><div  data-entry-id='1940' class='lshowcase-thumb lshowcase-opacity-enhance lshowcase-box-6 ls-clients ls-wifi '><div style=\"padding:5%;\" class=\"lshowcase-wrap-responsive\"><div data-entry-id=\"1940\" class=\"lshowcase-boxInner\"><img data-original-title='Canadian Visa Specialists' data-entry-id='1940' src='https:\/\/emak.tech\/wp-content\/uploads\/2019\/09\/CANADIAN-VISA-SPECIALISTS-HIRES-LOGO-200x88.png'  width='200'  height = '88'  alt='Canadian Visa Specialists' title='' class='lshowcase-thumb'  \/><\/div><\/div><\/div><div  data-entry-id='1935' class='lshowcase-thumb lshowcase-opacity-enhance lshowcase-box-6 ls-clients ls-restaurants ls-wifi '><div style=\"padding:5%;\" class=\"lshowcase-wrap-responsive\"><div data-entry-id=\"1935\" class=\"lshowcase-boxInner\"><img data-original-title='Thai Express' data-entry-id='1935' src='https:\/\/emak.tech\/wp-content\/uploads\/2019\/09\/Thai_Express_Canada_logo.svg_-200x38.png'  width='200'  height = '38'  alt='Thai Express' title='' class='lshowcase-thumb' style='margin-left:20px;' \/><\/div><\/div><\/div><div  data-entry-id='1938' class='lshowcase-thumb lshowcase-opacity-enhance lshowcase-box-6 ls-business-phone ls-clients ls-restaurants ls-wifi '><div style=\"padding:5%;\" class=\"lshowcase-wrap-responsive\"><div data-entry-id=\"1938\" class=\"lshowcase-boxInner\"><img data-original-title='Amir' data-entry-id='1938' src='https:\/\/emak.tech\/wp-content\/uploads\/2019\/09\/amir-place-du-commerce-logo-200x120.png'  width='200'  height = '120'  alt='Amir' title='' class='lshowcase-thumb' style='padding-right:10px;padding-left:10px;' \/><\/div><\/div><\/div><div  data-entry-id='1936' class='lshowcase-thumb lshowcase-opacity-enhance lshowcase-box-6 ls-clients ls-wifi '><div style=\"padding:5%;\" class=\"lshowcase-wrap-responsive\"><div data-entry-id=\"1936\" class=\"lshowcase-boxInner\"><img data-original-title='Aademie Lavalloise' data-entry-id='1936' src='https:\/\/emak.tech\/wp-content\/uploads\/2019\/09\/academie-lavalloise-logo-120px.png'  width='120'  height = '120'  alt='Aademie Lavalloise' title='' class='lshowcase-thumb'  \/><\/div><\/div><\/div><div  data-entry-id='1937' class='lshowcase-thumb lshowcase-opacity-enhance lshowcase-box-6 ls-business-phone ls-clients ls-wifi '><div style=\"padding:5%;\" class=\"lshowcase-wrap-responsive\"><div data-entry-id=\"1937\" class=\"lshowcase-boxInner\"><img data-original-title='AEMQ' data-entry-id='1937' src='https:\/\/emak.tech\/wp-content\/uploads\/2019\/09\/aemq-logo-200x181.png'  width='200'  height = '181'  alt='AEMQ' title='' class='lshowcase-thumb' style='padding-right:40px;padding-left:40px;' \/><\/div><\/div><\/div><div  data-entry-id='1934' class='lshowcase-thumb lshowcase-opacity-enhance lshowcase-box-6 ls-clients ls-wifi '><div style=\"padding:5%;\" class=\"lshowcase-wrap-responsive\"><div data-entry-id=\"1934\" class=\"lshowcase-boxInner\"><img data-original-title='Polyclinique St-Martin' data-entry-id='1934' src='https:\/\/emak.tech\/wp-content\/uploads\/2019\/09\/polyclinique-st-martin-120px.png'  width='120'  height = '120'  alt='Polyclinique St-Martin' title='' class='lshowcase-thumb'  \/><\/div><\/div><\/div><div  data-entry-id='1930' class='lshowcase-thumb lshowcase-opacity-enhance lshowcase-box-6 ls-clients ls-wifi '><div style=\"padding:5%;\" class=\"lshowcase-wrap-responsive\"><div data-entry-id=\"1930\" class=\"lshowcase-boxInner\"><img data-original-title='Salon Medz' data-entry-id='1930' src='https:\/\/emak.tech\/wp-content\/uploads\/2019\/09\/salon-medz-logo-120px.png'  width='120'  height = '120'  alt='Salon Medz' title='' class='lshowcase-thumb'  \/><\/div><\/div><\/div><div  data-entry-id='1962' class='lshowcase-thumb lshowcase-opacity-enhance lshowcase-box-6 ls-clients ls-wifi '><div style=\"padding:5%;\" class=\"lshowcase-wrap-responsive\"><div data-entry-id=\"1962\" class=\"lshowcase-boxInner\"><img data-original-title='Spherika Logo' data-entry-id='1962' src='https:\/\/emak.tech\/wp-content\/uploads\/2019\/09\/spherika-logo-200px.png'  width='200'  height = '200'  alt='Spherika Logo' title='' class='lshowcase-thumb'  \/><\/div><\/div><\/div><div  data-entry-id='1951' class='lshowcase-thumb lshowcase-opacity-enhance lshowcase-box-6 ls-clients ls-wifi '><div style=\"padding:5%;\" class=\"lshowcase-wrap-responsive\"><div data-entry-id=\"1951\" class=\"lshowcase-boxInner\"><img data-original-title='Tech Teinte' data-entry-id='1951' src='https:\/\/emak.tech\/wp-content\/uploads\/2019\/09\/tech-teinte-logo-200px.png'  width='200'  height = '200'  alt='Tech Teinte' title='' class='lshowcase-thumb'  \/><\/div><\/div><\/div><div  data-entry-id='1948' class='lshowcase-thumb lshowcase-opacity-enhance lshowcase-box-6 ls-clients ls-restaurants ls-wifi '><div style=\"padding:5%;\" class=\"lshowcase-wrap-responsive\"><div data-entry-id=\"1948\" class=\"lshowcase-boxInner\"><img data-original-title='Time Supper Club' data-entry-id='1948' src='https:\/\/emak.tech\/wp-content\/uploads\/2019\/09\/time-supper-club-logo-200px.png'  width='200'  height = '200'  alt='Time Supper Club' title='' class='lshowcase-thumb' style='padding-right:20px;padding-left:20px;' \/><\/div><\/div><\/div><div  data-entry-id='1959' class='lshowcase-thumb lshowcase-opacity-enhance lshowcase-box-6 ls-clients ls-wifi '><div style=\"padding:5%;\" class=\"lshowcase-wrap-responsive\"><div data-entry-id=\"1959\" class=\"lshowcase-boxInner\"><img data-original-title='Tomassini' data-entry-id='1959' src='https:\/\/emak.tech\/wp-content\/uploads\/2019\/09\/tomassini-logo-200px.png'  width='200'  height = '200'  alt='Tomassini' title='' class='lshowcase-thumb'  \/><\/div><\/div><\/div><\/div><\/div><div class=\"lshowcase-clear-both\">&nbsp;<\/div>[\/vc_column][\/vc_row]<\/p>\n<\/div>","protected":false},"excerpt":{"rendered":"<p>[vc_section css=&#8221;.vc_custom_1575432033781{margin-top: -30px !important;}&#8221;][vc_row full_width=&#8221;stretch_row&#8221; css=&#8221;.vc_custom_1575575533956{padding-right: 0px !important;padding-left: 0px !important;background-image: url(https:\/\/emak.tech\/wp-content\/uploads\/2017\/05\/3516bcdd-c38f-4763-8df8-33d5e48847a2.jpg?id=425) !important;background-position: center !important;background-repeat: no-repeat !important;background-size: cover !important;}&#8221; el_class=&#8221;page-title&#8221;][vc_column][vc_column_text css=&#8221;.vc_custom_1575575691297{padding-top: 45px !important;padding-bottom: 60px !important;}&#8221;] WiFi d&#8217;affaires D\u00e9ploiements professinels de r\u00e9seaux sans fil d&#8217;affaires \u00e0 grande \u00e9chelle. Couverture garantie. [\/vc_column_text][\/vc_column][\/vc_row][vc_row full_width=&#8221;stretch_row&#8221; css=&#8221;.vc_custom_1575431994856{background-color: #ffffff !important;}&#8221;][vc_column][vc_column_text]Notre vision du r\u00e9seau sans fil est simple: fournir des solutions sans fil [&hellip;]<\/p>\n","protected":false},"author":1,"featured_media":0,"parent":8866,"menu_order":0,"comment_status":"closed","ping_status":"closed","template":"","meta":{"footnotes":""},"class_list":["post-8697","page","type-page","status-publish","hentry"],"_links":{"self":[{"href":"https:\/\/emak.tech\/fr\/wp-json\/wp\/v2\/pages\/8697","targetHints":{"allow":["GET"]}}],"collection":[{"href":"https:\/\/emak.tech\/fr\/wp-json\/wp\/v2\/pages"}],"about":[{"href":"https:\/\/emak.tech\/fr\/wp-json\/wp\/v2\/types\/page"}],"author":[{"embeddable":true,"href":"https:\/\/emak.tech\/fr\/wp-json\/wp\/v2\/users\/1"}],"replies":[{"embeddable":true,"href":"https:\/\/emak.tech\/fr\/wp-json\/wp\/v2\/comments?post=8697"}],"version-history":[{"count":11,"href":"https:\/\/emak.tech\/fr\/wp-json\/wp\/v2\/pages\/8697\/revisions"}],"predecessor-version":[{"id":9596,"href":"https:\/\/emak.tech\/fr\/wp-json\/wp\/v2\/pages\/8697\/revisions\/9596"}],"up":[{"embeddable":true,"href":"https:\/\/emak.tech\/fr\/wp-json\/wp\/v2\/pages\/8866"}],"wp:attachment":[{"href":"https:\/\/emak.tech\/fr\/wp-json\/wp\/v2\/media?parent=8697"}],"curies":[{"name":"wp","href":"https:\/\/api.w.org\/{rel}","templated":true}]}}