{"id":8866,"date":"2020-12-04T12:11:34","date_gmt":"2020-12-04T17:11:34","guid":{"rendered":"https:\/\/emak.tech\/services\/"},"modified":"2021-06-09T07:24:18","modified_gmt":"2021-06-09T12:24:18","slug":"services","status":"publish","type":"page","link":"https:\/\/emak.tech\/fr\/services\/","title":{"rendered":"Services"},"content":{"rendered":"<div class=\"wpb-content-wrapper\"><p>[vc_row][vc_column][vc_empty_space][\/vc_column][\/vc_row][vc_row css=&#8221;.vc_custom_1574472711784{padding-right: 30px !important;padding-left: 30px !important;background-color: #ffffff !important;}&#8221;][vc_column][vc_column_text el_class=&#8221;size-60&#8243; css=&#8221;.vc_custom_1574478333617{margin-bottom: 0px !important;}&#8221;]<\/p>\n<h1>Forfaits t\u00e9l\u00e9phoniques<\/h1>\n<p>[\/vc_column_text][vc_column_text]EMAK Telecom propose des forfaits t\u00e9l\u00e9phoniques personnalis\u00e9s pour de nombreuses industries. S\u00e9lectionnez votre secteur d&#8217;activit\u00e9 ci-dessous pour en savoir plus sur la mani\u00e8re dont les services de t\u00e9l\u00e9phonie EMAK Telecom peuvent transformer vos appels d&#8217;affaires.[\/vc_column_text][\/vc_column][\/vc_row][vc_row css=&#8221;.vc_custom_1574475580110{margin-top: 20px !important;padding-right: 20px !important;padding-left: 20px !important;background-color: #ffffff !important;}&#8221;][vc_column width=&#8221;2\/3&#8243;][vc_column_text el_class=&#8221;size-30&#8243; css=&#8221;.vc_custom_1574479893317{margin-bottom: 10px !important;}&#8221;]<\/p>\n<h2 style=\"text-align: left; font-weight: normal !important;\"><a href=\"https:\/\/emak.tech\/fr\/services\/systeme-telephonique-daffaires\/\">Syst\u00e8me t\u00e9l\u00e9phonique d&#8217;affaires<\/a><\/h2>\n<p>[\/vc_column_text][vc_column_text]Am\u00e9liorez votre syst\u00e8me t\u00e9l\u00e9phonique d&#8217;affaires avec EMAK, le fournisseur de t\u00e9l\u00e9phonie d&#8217;affaires, \u00e0 la croissance la plus rapide au Canada. Installation gratuite. Excellent support technique. Aucun contrat.[\/vc_column_text][vc_btn title=&#8221;D\u00e9couvrez la t\u00e9l\u00e9phonie d&#8217;affaires&#8221; style=&#8221;flat&#8221; shape=&#8221;round&#8221; color=&#8221;warning&#8221; link=&#8221;url:https%3A%2F%2Femak.tech%2Ffr%2Fservices%2Fsysteme-telephonique-daffaires%2F|title:Syst%C3%A8me%20t%C3%A9l%C3%A9phonique%20d%27affaires|&#8221;][\/vc_column][vc_column width=&#8221;1\/3&#8243;][vc_single_image image=&#8221;3803&#8243; img_size=&#8221;full&#8221; alignment=&#8221;center&#8221; css_animation=&#8221;fadeIn&#8221; css=&#8221;.vc_custom_1574476533733{margin-left: -10px !important;}&#8221;][\/vc_column][\/vc_row][vc_row css=&#8221;.vc_custom_1574475591903{margin-top: 20px !important;padding-right: 20px !important;padding-left: 20px !important;background-color: #ffffff !important;}&#8221;][vc_column width=&#8221;2\/3&#8243;][vc_column_text el_class=&#8221;size-30&#8243; css=&#8221;.vc_custom_1574479881218{margin-bottom: 10px !important;}&#8221;]<\/p>\n<h2><a href=\"https:\/\/emak.tech\/fr\/services\/systeme-telephonique-pour-restaurant\/\">Syst\u00e8me t\u00e9l\u00e9phonique de restaurant<\/a><\/h2>\n<p>[\/vc_column_text][vc_column_text]Les experts canadiens des syst\u00e8mes t\u00e9l\u00e9phoniques de restaurant. Tarification forfaitaire perturbatrice. Installation gratuite. Aucun contrat. Configuration personnalis\u00e9e. Support bas\u00e9 \u00e0 Montr\u00e9al.[\/vc_column_text][vc_btn title=&#8221;D\u00e9couvrez la t\u00e9l\u00e9phonie pour restaurants&#8221; style=&#8221;flat&#8221; shape=&#8221;round&#8221; color=&#8221;warning&#8221; link=&#8221;url:https%3A%2F%2Femak.tech%2Ffr%2Fservices%2Fsysteme-telephonique-pour-restaurant%2F|title:Syst%C3%A8me%20t%C3%A9l%C3%A9phonique%20pour%20restaurant|&#8221;][\/vc_column][vc_column width=&#8221;1\/3&#8243;][vc_single_image image=&#8221;3798&#8243; img_size=&#8221;full&#8221; alignment=&#8221;center&#8221; css_animation=&#8221;fadeIn&#8221;][\/vc_column][\/vc_row][vc_row css=&#8221;.vc_custom_1574475591903{margin-top: 20px !important;padding-right: 20px !important;padding-left: 20px !important;background-color: #ffffff !important;}&#8221;][vc_column width=&#8221;2\/3&#8243;][vc_column_text el_class=&#8221;size-30&#8243; css=&#8221;.vc_custom_1574479873756{margin-bottom: 10px !important;}&#8221;]<\/p>\n<h2><a href=\"https:\/\/emak.tech\/fr\/boutique\/\">Acheter des t\u00e9l\u00e9phones et accessoires<\/a><\/h2>\n<p>[\/vc_column_text][vc_column_text]Le magasin de t\u00e9l\u00e9phonie d&#8217;affaires au Canada avec des prix comp\u00e9titifs sur une vari\u00e9t\u00e9 de t\u00e9l\u00e9phones et d&#8217;accessoires de bureau. Magasinez des marques populaires comme Yealink, Poly, Jabra et plus encore.[\/vc_column_text][vc_btn title=&#8221;Magasiner les t\u00e9l\u00e9phone et accessoires&#8221; style=&#8221;flat&#8221; shape=&#8221;round&#8221; color=&#8221;warning&#8221; link=&#8221;url:https%3A%2F%2Femak.tech%2Ffr%2Fboutique%2F|title:Magasiner%20les%20t%C3%A9l%C3%A9phone%20et%20accessoires|&#8221;][\/vc_column][vc_column width=&#8221;1\/3&#8243;][vc_single_image image=&#8221;571&#8243; img_size=&#8221;&#8221; alignment=&#8221;center&#8221; css_animation=&#8221;fadeIn&#8221;][\/vc_column][\/vc_row][vc_row css=&#8221;.vc_custom_1574475604242{margin-top: 20px !important;padding-right: 20px !important;padding-left: 20px !important;background-color: #ffffff !important;}&#8221;][vc_column width=&#8221;2\/3&#8243;][vc_column_text el_class=&#8221;size-30&#8243; css=&#8221;.vc_custom_1574480004501{margin-bottom: 10px !important;}&#8221;]<\/p>\n<h2><a href=\"https:\/\/emak.tech\/fr\/services\/wifi-daffaires\/\">WiFi d&#8217;affaires<\/a><\/h2>\n<p>[\/vc_column_text][vc_column_text]Notre vision du r\u00e9seau sans fil est simple: fournir des solutions sans fil abordables aux petites et moyennes entreprises qui performe.[\/vc_column_text][vc_btn title=&#8221;D\u00e9couvrez le WiFi d&#8217;affaires&#8221; style=&#8221;flat&#8221; shape=&#8221;round&#8221; color=&#8221;warning&#8221; link=&#8221;url:https%3A%2F%2Femak.tech%2Ffr%2Fservices%2Fwifi-daffaires%2F|title:WiFi%20d%27affaires|&#8221;][\/vc_column][vc_column width=&#8221;1\/3&#8243;][vc_single_image image=&#8221;541&#8243; img_size=&#8221;full&#8221; alignment=&#8221;center&#8221; onclick=&#8221;custom_link&#8221; css_animation=&#8221;fadeIn&#8221; link=&#8221;\/services\/business-wifi\/&#8221;][\/vc_column][\/vc_row]<\/p>\n<\/div>","protected":false},"excerpt":{"rendered":"<p>[vc_row][vc_column][vc_empty_space][\/vc_column][\/vc_row][vc_row css=&#8221;.vc_custom_1574472711784{padding-right: 30px !important;padding-left: 30px !important;background-color: #ffffff !important;}&#8221;][vc_column][vc_column_text el_class=&#8221;size-60&#8243; css=&#8221;.vc_custom_1574478333617{margin-bottom: 0px !important;}&#8221;] Forfaits t\u00e9l\u00e9phoniques [\/vc_column_text][vc_column_text]EMAK Telecom propose des forfaits t\u00e9l\u00e9phoniques personnalis\u00e9s pour de nombreuses industries. S\u00e9lectionnez votre secteur d&#8217;activit\u00e9 ci-dessous pour en savoir plus sur la mani\u00e8re dont les services de t\u00e9l\u00e9phonie EMAK Telecom peuvent transformer vos appels d&#8217;affaires.[\/vc_column_text][\/vc_column][\/vc_row][vc_row css=&#8221;.vc_custom_1574475580110{margin-top: 20px !important;padding-right: 20px !important;padding-left: 20px [&hellip;]<\/p>\n","protected":false},"author":1,"featured_media":0,"parent":0,"menu_order":9,"comment_status":"closed","ping_status":"closed","template":"","meta":{"footnotes":""},"class_list":["post-8866","page","type-page","status-publish","hentry"],"_links":{"self":[{"href":"https:\/\/emak.tech\/fr\/wp-json\/wp\/v2\/pages\/8866","targetHints":{"allow":["GET"]}}],"collection":[{"href":"https:\/\/emak.tech\/fr\/wp-json\/wp\/v2\/pages"}],"about":[{"href":"https:\/\/emak.tech\/fr\/wp-json\/wp\/v2\/types\/page"}],"author":[{"embeddable":true,"href":"https:\/\/emak.tech\/fr\/wp-json\/wp\/v2\/users\/1"}],"replies":[{"embeddable":true,"href":"https:\/\/emak.tech\/fr\/wp-json\/wp\/v2\/comments?post=8866"}],"version-history":[{"count":3,"href":"https:\/\/emak.tech\/fr\/wp-json\/wp\/v2\/pages\/8866\/revisions"}],"predecessor-version":[{"id":9659,"href":"https:\/\/emak.tech\/fr\/wp-json\/wp\/v2\/pages\/8866\/revisions\/9659"}],"wp:attachment":[{"href":"https:\/\/emak.tech\/fr\/wp-json\/wp\/v2\/media?parent=8866"}],"curies":[{"name":"wp","href":"https:\/\/api.w.org\/{rel}","templated":true}]}}