{"id":8871,"date":"2020-12-04T12:27:39","date_gmt":"2020-12-04T17:27:39","guid":{"rendered":"https:\/\/emak.tech\/appels-interurbains-illimites-vers-49-pays\/"},"modified":"2020-12-04T12:32:26","modified_gmt":"2020-12-04T17:32:26","slug":"appels-interurbains-illimites-vers-49-pays","status":"publish","type":"page","link":"https:\/\/emak.tech\/fr\/appels-interurbains-illimites-vers-49-pays\/","title":{"rendered":"Appels interurbains illimit\u00e9s vers 49 pays"},"content":{"rendered":"<div class=\"wpb-content-wrapper\"><p>[vc_row][vc_column][vc_empty_space][\/vc_column][\/vc_row][vc_row][vc_column css=&#8221;.vc_custom_1592328774496{background-color: #ffffff !important;}&#8221;][vc_column_text]<\/p>\n<h1>Appels interurbains illimit\u00e9s vers 49 pays<\/h1>\n<p>[\/vc_column_text][vc_column_text]<\/p>\n<h3>Canada \/ \u00c9tats-Unis<\/h3>\n<div class=\"fflag fflag-CA ff-xl ff-wave\" title=\"Canada CA\"><\/div>\n<div class=\"fflag fflag-US ff-xl ff-wave\" title=\"\u00c9tats-Unis US\"><\/div>\n<h3>T\u00e9l\u00e9phone fixe + cellulaire gratuit<\/h3>\n<div class=\"fflag fflag-CN ff-xl ff-wave\" title=\"Chine continentale CN\"><\/div>\n<div class=\"fflag fflag-IN ff-xl ff-wave\" title=\"Inde IN\"><\/div>\n<div class=\"fflag fflag-HK ff-xl ff-wave\" title=\"Hong Kong SAR HK\"><\/div>\n<div class=\"fflag fflag-KR ff-xl ff-wave\" title=\"Cor\u00e9e KR\"><\/div>\n<div class=\"fflag fflag-MY ff-xl ff-wave\" title=\"Malaisie MY\"><\/div>\n<div class=\"fflag fflag-SG ff-xl ff-wave\" title=\"Singapore SG\"><\/div>\n<div class=\"fflag fflag-TH ff-xl ff-wave\" title=\"Tha\u00eflande TH\"><\/div>\n<div class=\"fflag fflag-IL ff-xl ff-wave\" title=\"Isra\u00ebl IL\"><\/div>\n<div class=\"fflag fflag-DK ff-xl ff-wave\" title=\"Danemark DK\"><\/div>\n<div class=\"fflag fflag-MT ff-xl ff-wave\" title=\"Malte MT\"><\/div>\n<div class=\"fflag fflag-SE ff-xl ff-wave\" title=\"Su\u00e8de SE\"><\/div>\n<div class=\"fflag fflag-NO ff-xl ff-wave\" title=\"Norv\u00e8ge NO\"><\/div>\n<div class=\"fflag fflag-PL ff-xl ff-wave\" title=\"Pologne PL\"><\/div>\n<div class=\"fflag fflag-PT ff-xl ff-wave\" title=\"Portugal PT\"><\/div>\n<div class=\"fflag fflag-RO ff-xl ff-wave\" title=\"Roumanie RO\"><\/div>\n<div class=\"fflag fflag-VA ff-xl ff-wave\" title=\"Cit\u00e9 du Vatican VA\"><\/div>\n<div class=\"fflag fflag-PR ff-xl ff-wave\" title=\"Porto Rico PR\"><\/div>\n<div class=\"fflag fflag-AS ff-xl ff-wave\" title=\"Samoa am\u00e9ricaines AS\"><\/div>\n<div class=\"fflag fflag-GU ff-xl ff-wave\" title=\"Guam GU\"><\/div>\n<h3>Ligne fixe gratuite<\/h3>\n<div class=\"fflag fflag-GB ff-xl ff-wave\" title=\"Grande-Bretagne GB\"><\/div>\n<div class=\"fflag fflag-FR ff-xl ff-wave\" title=\"France FR\"><\/div>\n<div class=\"fflag fflag-BE ff-xl ff-wave\" title=\"Belgique BE\"><\/div>\n<div class=\"fflag fflag-CH ff-xl ff-wave\" title=\"Suisse CH\"><\/div>\n<div class=\"fflag fflag-IE ff-xl ff-wave\" title=\"Irlande IE\"><\/div>\n<div class=\"fflag fflag-IM ff-xl ff-wave\" title=\"\u00cele de Man IM\"><\/div>\n<div class=\"fflag fflag-JE ff-xl ff-wave\" title=\"Jersey JE\"><\/div>\n<div class=\"fflag fflag-DE ff-xl ff-wave\" title=\"Allemagne DE\"><\/div>\n<div class=\"fflag fflag-IT ff-xl ff-wave\" title=\"Italie IT\"><\/div>\n<div class=\"fflag fflag-GR ff-xl ff-wave\" title=\"Gr\u00e8ce GR\"><\/div>\n<div class=\"fflag fflag-ES ff-xl ff-wave\" title=\"Espagne ES\"><\/div>\n<div class=\"fflag fflag-IS ff-xl ff-wave\" title=\"Islande IS\"><\/div>\n<div class=\"fflag fflag-TR ff-xl ff-wave\" title=\"Turquie TR\"><\/div>\n<div class=\"fflag fflag-EE ff-xl ff-wave\" title=\"Estonie EE\"><\/div>\n<div class=\"fflag fflag-JP ff-xl ff-wave\" title=\"Japon JP\"><\/div>\n<div class=\"fflag fflag-MX ff-xl ff-wave\" title=\"Mexique MX\"><\/div>\n<div class=\"fflag fflag-BR ff-xl ff-wave\" title=\"Br\u00e9sil BR\"><\/div>\n<div class=\"fflag fflag-CL ff-xl ff-wave\" title=\"Chili CL\"><\/div>\n<div class=\"fflag fflag-CO ff-xl ff-wave\" title=\"Colombie CO\"><\/div>\n<div class=\"fflag fflag-PA ff-xl ff-wave\" title=\"Panama PA\"><\/div>\n<div class=\"fflag fflag-VE ff-xl ff-wave\" title=\"Venezuela VE\"><\/div>\n<div class=\"fflag fflag-HU ff-xl ff-wave\" title=\"Hongrie HU\"><\/div>\n<div class=\"fflag fflag-SK ff-xl ff-wave\" title=\"Slovaquie SK\"><\/div>\n<div class=\"fflag fflag-GF ff-xl ff-wave\" title=\"Guyane fran\u00e7aise GF\"><\/div>\n<div class=\"fflag fflag-MQ ff-xl ff-wave\" title=\"Martinique MQ\"><\/div>\n<div class=\"fflag fflag-AU ff-xl ff-wave\" title=\"Australie AU\"><\/div>\n<div class=\"fflag fflag-NZ ff-xl ff-wave\" title=\"Nouvelle-Z\u00e9lande NZ\"><\/div>\n<p>[\/vc_column_text][\/vc_column][\/vc_row]<\/p>\n<\/div>","protected":false},"excerpt":{"rendered":"<p>[vc_row][vc_column][vc_empty_space][\/vc_column][\/vc_row][vc_row][vc_column css=&#8221;.vc_custom_1592328774496{background-color: #ffffff !important;}&#8221;][vc_column_text] Appels interurbains illimit\u00e9s vers 49 pays [\/vc_column_text][vc_column_text] Canada \/ \u00c9tats-Unis T\u00e9l\u00e9phone fixe + cellulaire gratuit Ligne fixe gratuite [\/vc_column_text][\/vc_column][\/vc_row]<\/p>\n","protected":false},"author":1,"featured_media":0,"parent":0,"menu_order":0,"comment_status":"closed","ping_status":"closed","template":"","meta":{"footnotes":""},"class_list":["post-8871","page","type-page","status-publish","hentry"],"_links":{"self":[{"href":"https:\/\/emak.tech\/fr\/wp-json\/wp\/v2\/pages\/8871","targetHints":{"allow":["GET"]}}],"collection":[{"href":"https:\/\/emak.tech\/fr\/wp-json\/wp\/v2\/pages"}],"about":[{"href":"https:\/\/emak.tech\/fr\/wp-json\/wp\/v2\/types\/page"}],"author":[{"embeddable":true,"href":"https:\/\/emak.tech\/fr\/wp-json\/wp\/v2\/users\/1"}],"replies":[{"embeddable":true,"href":"https:\/\/emak.tech\/fr\/wp-json\/wp\/v2\/comments?post=8871"}],"version-history":[{"count":1,"href":"https:\/\/emak.tech\/fr\/wp-json\/wp\/v2\/pages\/8871\/revisions"}],"predecessor-version":[{"id":8872,"href":"https:\/\/emak.tech\/fr\/wp-json\/wp\/v2\/pages\/8871\/revisions\/8872"}],"wp:attachment":[{"href":"https:\/\/emak.tech\/fr\/wp-json\/wp\/v2\/media?parent=8871"}],"curies":[{"name":"wp","href":"https:\/\/api.w.org\/{rel}","templated":true}]}}