{"id":10095,"date":"2022-01-27T13:00:10","date_gmt":"2022-02-02T21:24:54","guid":{"rendered":"https:\/\/emak.tech\/product\/yealink-w73p-telephone-ip-sans-fil-avec-station-de-base\/"},"modified":"2022-02-02T16:24:54","modified_gmt":"2022-02-02T21:24:54","slug":"yealink-w73p-telephone-ip-sans-fil-avec-station-de-base","status":"publish","type":"product","link":"https:\/\/emak.tech\/fr\/produit\/yealink-w73p-telephone-ip-sans-fil-avec-station-de-base\/","title":{"rendered":"T\u00e9l\u00e9phone IP sans fil Yealink W73P avec station de base"},"content":{"rendered":"<div class=\"title tac\">\n<h1 style=\"text-align: center;\">Syst\u00e8me t\u00e9l\u00e9phonique DECT Yealink W73P<\/h1>\n<\/div>\n<div class=\"bg\">\n<div class=\"maxsize\">\n<div class=\"block type1\">\n<p>\u2022 Solution \u00e9volutive avec des performances sup\u00e9rieures<br \/>\n\u2022 Exp\u00e9rience de communication sans fil optimis\u00e9e pour le travail mobile<br \/>\n\u2022 D\u00e9ploiement facile et gestion efficace<br \/>\n\u2022 Parfaitement compatible avec les terminaux DECT \u00e0 gamme compl\u00e8te Yealink<\/p>\n<div class=\"tac\"><img decoding=\"async\" src=\"https:\/\/www.yealink.com\/upfiles\/files\/20210518938653.png\"><img decoding=\"async\" src=\"https:\/\/www.yealink.com\/upfiles\/products\/202105\/1621559986774.png\"><\/div>\n<\/div>\n<div class=\"block type1\">\n<h2 style=\"text-align: center;\">Haute performance et \u00e9volutivit\u00e9 pour une communication productive<\/h2>\n<p>Prenant en charge l&#8217;enregistrement avec jusqu&#8217;\u00e0 10 combin\u00e9s Yealink W73H DECT, le syst\u00e8me W73P est lanc\u00e9 avec une capacit\u00e9 de traitement robuste pour jusqu&#8217;\u00e0 10 comptes SIP et 20 appels simultan\u00e9s. Plus de flexibilit\u00e9 et de mobilit\u00e9 pourraient \u00eatre atteint gr\u00e2ce \u00e0 jusqu&#8217;\u00e0 6 r\u00e9p\u00e9teurs en option pour une couverture r\u00e9seau \u00e9tendue.<\/p>\n<p><img decoding=\"async\" src=\"https:\/\/www.yealink.com\/upfiles\/products\/202105\/1621323204481.png\"><\/p>\n<div class=\"tac\"><\/div>\n<\/div>\n<div class=\"block type1\">\n<h2 style=\"text-align: center;\">Clart\u00e9 et stabilit\u00e9 pour Premium<br \/>\nExp\u00e9rience de communication sans fil<\/h2>\n<p>Le nouveau W73P de Yealink comprend un mat\u00e9riel mis \u00e0 niveau, un algorithme acoustique, une capacit\u00e9 de calcul et une puissance de signal, offrant aux employ\u00e9s flexibles un son HD. Pour les travailleurs des environnements complexes, le syst\u00e8me offre \u00e9galement des conversations sans bruit avec un volume plus important.<\/p>\n<div class=\"tac\"><img decoding=\"async\" src=\"https:\/\/www.yealink.com\/upfiles\/files\/20210521309763.png\"><\/div>\n<\/div>\n<div class=\"block type1\">\n<h2 style=\"text-align: center;\">Yealink Gamme compl\u00e8te de solutions d&#8217;appareils DECT<\/h2>\n<p>Le syst\u00e8me t\u00e9l\u00e9phonique IP Yealink W73P DECT est \u00e9galement compatible avec toute la s\u00e9rie de terminaux DECT Yealink, y compris les combin\u00e9s, les t\u00e9l\u00e9phones de conf\u00e9rence et les t\u00e9l\u00e9phones DD,<br \/>\noffrant des choix suppl\u00e9mentaires pour la construction d&#8217;un r\u00e9seau de communication sans fil dans divers espaces de travail dans les petites et moyennes entreprises.<\/p>\n<p><img decoding=\"async\" src=\"https:\/\/www.yealink.com\/upfiles\/products\/202105\/1621422534522.png\"><\/p>\n<div class=\"tac\"><\/div>\n<\/div>\n<\/div>\n<\/div>\n","protected":false},"excerpt":{"rendered":"<p><img decoding=\"async\" src=\"https:\/\/www.yealink.com\/upfiles\/products\/202105\/1621323204481.png\"><\/p>\n","protected":false},"featured_media":10089,"comment_status":"open","ping_status":"closed","template":"","meta":[],"pwb-brand":[226],"product_brand":[],"product_cat":[191],"product_tag":[],"class_list":{"0":"post-10095","1":"product","2":"type-product","3":"status-publish","4":"has-post-thumbnail","6":"pwb-brand-yealink-fr","7":"product_cat-telephones-sans-fil","9":"first","10":"instock","11":"featured","12":"shipping-taxable","13":"purchasable","14":"product-type-simple"},"brands":[{"id":226,"name":"Yealink","slug":"yealink-fr"}],"_links":{"self":[{"href":"https:\/\/emak.tech\/fr\/wp-json\/wp\/v2\/product\/10095","targetHints":{"allow":["GET"]}}],"collection":[{"href":"https:\/\/emak.tech\/fr\/wp-json\/wp\/v2\/product"}],"about":[{"href":"https:\/\/emak.tech\/fr\/wp-json\/wp\/v2\/types\/product"}],"replies":[{"embeddable":true,"href":"https:\/\/emak.tech\/fr\/wp-json\/wp\/v2\/comments?post=10095"}],"wp:featuredmedia":[{"embeddable":true,"href":"https:\/\/emak.tech\/fr\/wp-json\/wp\/v2\/media\/10089"}],"wp:attachment":[{"href":"https:\/\/emak.tech\/fr\/wp-json\/wp\/v2\/media?parent=10095"}],"wp:term":[{"taxonomy":"pwb-brand","embeddable":true,"href":"https:\/\/emak.tech\/fr\/wp-json\/wp\/v2\/pwb-brand?post=10095"},{"taxonomy":"product_brand","embeddable":true,"href":"https:\/\/emak.tech\/fr\/wp-json\/wp\/v2\/product_brand?post=10095"},{"taxonomy":"product_cat","embeddable":true,"href":"https:\/\/emak.tech\/fr\/wp-json\/wp\/v2\/product_cat?post=10095"},{"taxonomy":"product_tag","embeddable":true,"href":"https:\/\/emak.tech\/fr\/wp-json\/wp\/v2\/product_tag?post=10095"}],"curies":[{"name":"wp","href":"https:\/\/api.w.org\/{rel}","templated":true}]}}