{"id":10297,"date":"2019-06-26T14:05:38","date_gmt":"2023-10-12T14:26:41","guid":{"rendered":"https:\/\/emak.tech\/product\/yealink-t57w-ip-phone\/"},"modified":"2023-10-23T13:21:23","modified_gmt":"2023-10-23T18:21:23","slug":"yealink-t57w-ip-phone","status":"publish","type":"product","link":"https:\/\/emak.tech\/fr\/produit\/yealink-t57w-ip-phone\/","title":{"rendered":"T\u00e9l\u00e9phone IP Yealink T57W"},"content":{"rendered":"<div class=\"title tac\">\n<h2>SIP-T57W<\/h2>\n<\/div>\n<div class=\"bg\">\n<div class=\"maxsize\">\n<div class=\"block type2\">\n<p>Les t\u00e9l\u00e9phones Yealink T5 Prime Business T53, T53W, T54W et T57W sont destin\u00e9s aux utilisateurs de communication vocale tr\u00e8s actifs d\u2019aujourd\u2019hui, en leur offrant des fonctionnalit\u00e9s de t\u00e9l\u00e9phonie avanc\u00e9es, une exp\u00e9rience de communication HD de nouvelle g\u00e9n\u00e9ration et une grande flexibilit\u00e9. Les t\u00e9l\u00e9phones offrent aux entreprises de toutes tailles une solution de haute qualit\u00e9, \u00e0 l&#8217;\u00e9preuve du temps et in\u00e9gal\u00e9e qui lib\u00e9rera la puissance de la communication et de la collaboration \u00e0 distance et am\u00e9liorera \u00e9ventuellement la productivit\u00e9.<\/p>\n<div class=\"tac\"><img decoding=\"async\" class=\"aligncenter\" src=\"https:\/\/www.yealink.com\/upfiles\/products\/201901\/1548741817088.png\" alt=\"\"><\/div>\n<\/div>\n<div class=\"block type1\">\n<h2>Conception ergonomique avec \u00e9crans ajustables<\/h2>\n<p>\u2022 Conception \u00e9l\u00e9gante et raffin\u00e9e am\u00e9lior\u00e9e avec de grands \u00e9crans r\u00e9tro\u00e9clair\u00e9s de haute r\u00e9solution et des indicateurs LED pour offrir une exp\u00e9rience de visualisation et de navigation optimis\u00e9e.<br \/>\n\u2022 Affichage enti\u00e8rement ajustable pour r\u00e9pondre aux besoins de visualisation sous une vari\u00e9t\u00e9 d&#8217;angles et dans une vari\u00e9t\u00e9 de conditions d&#8217;\u00e9clairage.<\/p>\n<div class=\"tac\"><img decoding=\"async\" class=\"aligncenter\" src=\"https:\/\/www.yealink.com\/upfiles\/products\/201901\/1548733737492.png\" alt=\"Conception ergonomique avec \u00e9crans ajustables\"><\/div>\n<\/div>\n<div class=\"block type1\">\n<h2>Communications HD sans distraction<\/h2>\n<p>\u2022 Con\u00e7u avec la technologie Yealink Acoustic Shield pour offrir une clart\u00e9 vocale sans distraction aux participants distants.<br \/>\n\u2022 La technologie Yealink Acoustic Shield utilise plusieurs microphones pour cr\u00e9er un \u00abbouclier\u00bb virtuel entre l&#8217;enceinte et la source sonore ext\u00e9rieure. Une fois activ\u00e9, il bloque ou coupe intelligemment les sons provenant de l&#8217;ext\u00e9rieur du \u00abbouclier\u00bb afin que la personne \u00e0 l&#8217;autre extr\u00e9mit\u00e9 ne vous entende que et vous suive clairement.<br \/>\n\u2022 Id\u00e9al pour les espaces de travail occup\u00e9s et bruyants tels que les centres d&#8217;appels et les bureaux en r\u00e9duisant consid\u00e9rablement la frustration et en am\u00e9liorant la productivit\u00e9.<\/p>\n<div class=\"tac\"><img decoding=\"async\" class=\"aligncenter\" src=\"https:\/\/www.yealink.com\/upfiles\/products\/201901\/1548740033619.png\" alt=\"Communications HD sans distraction\"><\/div>\n<\/div>\n<div class=\"block type1\">\n<h2>Explorez beaucoup plus de possibilit\u00e9s<\/h2>\n<p>\u2022 Partage de contenu instantan\u00e9 avec les personnes \u00e0 l&#8217;autre bout de l&#8217;appel. Il permet une discussion rapide et acc\u00e9l\u00e8re la prise de d\u00e9cision (disponible en mars 2019)<br \/>\n\u2022 Prise en charge de la compatibilit\u00e9 des combin\u00e9s DECT via un dongle DECT Yealink DD10K, jusqu&#8217;\u00e0 4 combin\u00e9s sans fil<br \/>\n\u2022 Commutation transparente des appels entre le t\u00e9l\u00e9phone de bureau et le combin\u00e9 DECT sans fil<br \/>\n\u2022 Bluetooth et Wi-Fi int\u00e9gr\u00e9s<\/p>\n<div class=\"tac\"><img decoding=\"async\" class=\"aligncenter\" src=\"https:\/\/www.yealink.com\/upfiles\/products\/201901\/1548740376735.png\" alt=\"Explorez beaucoup plus de possibilit\u00e9s\"><\/div>\n<\/div>\n<div class=\"block type1\">\n<h2>T\u00e9l\u00e9phone d&#8217;afffaires professionnel T57W<\/h2>\n<p><img decoding=\"async\" class=\"alignleft\" src=\"https:\/\/www.yealink.com\/upfiles\/images\/20190129155120.png\" alt=\"\">\u2022 T\u00e9l\u00e9phone de niveau premium pour les ex\u00e9cutifs et les gestionnaires occup\u00e9s avec une charge d&#8217;appels importante<br \/>\n\u2022 \u00c9cran tactile couleur de 7 pouces, r\u00e9solution 800&#215;480 pixels, enti\u00e8rement r\u00e9glable.<br \/>\n\u2022 Voix HD avec technologie Yealink Acoustic Shield<br \/>\n\u2022 29 touches tactiles, 16 comptes SIP.<br \/>\n\u2022 Bluetooth int\u00e9gr\u00e9, Wi-Fi<br \/>\n\u2022 Ethernet Gigabit \u00e0 double port<br \/>\n\u2022 1 port USB pour l&#8217;enregistrement des appels ou un casque USB sans fil<\/p>\n<\/div>\n<\/div>\n<\/div>\n","protected":false},"excerpt":{"rendered":"<p>Sp\u00e9cialement con\u00e7u pour les ex\u00e9cutifs et les professionnels occup\u00e9s, le Yealink SIP-T57W est un t\u00e9l\u00e9phone professionnel de premier ordre facile \u00e0 utiliser, dot\u00e9 d&#8217;un \u00e9cran tactile multipoint de 7 pouces ajustable. Vous pouvez non seulement trouver facilement et flexiblement l&#8217;angle de vision confortable en fonction de vos besoins personnels et environnementaux, mais vous b\u00e9n\u00e9ficiez \u00e9galement d&#8217;une pr\u00e9sentation visuelle riche et d&#8217;une navigation ais\u00e9e d&#8217;un simple toucher.<\/p>\n<p>Avec le Bluetooth 4.2 int\u00e9gr\u00e9 et le Wi-Fi bibande int\u00e9gr\u00e9 2,4G\/5G, le t\u00e9l\u00e9phone IP SIP-T57W vous permet de rester \u00e0 la pointe de la technologie sans fil moderne et de saisir la premi\u00e8re opportunit\u00e9 dans l&#8217;\u00e8re sans fil du futur. Son port USB 2.0 int\u00e9gr\u00e9 permet l&#8217;enregistrement USB ou la connexion directe d&#8217;un casque USB filaire\/sans fil, ou la connexion de jusqu&#8217;\u00e0 trois modules d&#8217;extension Yealink EXP50. Gr\u00e2ce \u00e0 ces caract\u00e9ristiques, le Yealink SIP-T57W est un t\u00e9l\u00e9phone de bureau puissant et extensible qui offre une efficacit\u00e9 de bureau optimale et am\u00e9liore la productivit\u00e9.<\/p>\n<p><img loading=\"lazy\" decoding=\"async\" class=\"wp-image-2491 size-full alignleft\" src=\"https:\/\/emak.tech\/wp-content\/uploads\/2019\/06\/Capture-e1571690674697.jpg\" alt=\"\" width=\"1116\" height=\"231\" srcset=\"https:\/\/emak.tech\/wp-content\/uploads\/2019\/06\/Capture-e1571690674697.jpg 1116w, https:\/\/emak.tech\/wp-content\/uploads\/2019\/06\/Capture-e1571690674697-250x52.jpg 250w, https:\/\/emak.tech\/wp-content\/uploads\/2019\/06\/Capture-e1571690674697-600x124.jpg 600w\" sizes=\"auto, (max-width: 1116px) 100vw, 1116px\" \/><\/p>\n","protected":false},"featured_media":2546,"comment_status":"open","ping_status":"closed","template":"","meta":[],"pwb-brand":[226],"product_brand":[],"product_cat":[192],"product_tag":[],"class_list":{"0":"post-10297","1":"product","2":"type-product","3":"status-publish","4":"has-post-thumbnail","6":"pwb-brand-yealink-fr","7":"product_cat-telephones-de-bureau","9":"first","10":"instock","11":"shipping-taxable","12":"purchasable","13":"product-type-simple"},"brands":[{"id":226,"name":"Yealink","slug":"yealink-fr"}],"_links":{"self":[{"href":"https:\/\/emak.tech\/fr\/wp-json\/wp\/v2\/product\/10297","targetHints":{"allow":["GET"]}}],"collection":[{"href":"https:\/\/emak.tech\/fr\/wp-json\/wp\/v2\/product"}],"about":[{"href":"https:\/\/emak.tech\/fr\/wp-json\/wp\/v2\/types\/product"}],"replies":[{"embeddable":true,"href":"https:\/\/emak.tech\/fr\/wp-json\/wp\/v2\/comments?post=10297"}],"wp:featuredmedia":[{"embeddable":true,"href":"https:\/\/emak.tech\/fr\/wp-json\/wp\/v2\/media\/2546"}],"wp:attachment":[{"href":"https:\/\/emak.tech\/fr\/wp-json\/wp\/v2\/media?parent=10297"}],"wp:term":[{"taxonomy":"pwb-brand","embeddable":true,"href":"https:\/\/emak.tech\/fr\/wp-json\/wp\/v2\/pwb-brand?post=10297"},{"taxonomy":"product_brand","embeddable":true,"href":"https:\/\/emak.tech\/fr\/wp-json\/wp\/v2\/product_brand?post=10297"},{"taxonomy":"product_cat","embeddable":true,"href":"https:\/\/emak.tech\/fr\/wp-json\/wp\/v2\/product_cat?post=10297"},{"taxonomy":"product_tag","embeddable":true,"href":"https:\/\/emak.tech\/fr\/wp-json\/wp\/v2\/product_tag?post=10297"}],"curies":[{"name":"wp","href":"https:\/\/api.w.org\/{rel}","templated":true}]}}