{"id":10298,"date":"2022-02-04T17:41:02","date_gmt":"2023-10-12T14:39:43","guid":{"rendered":"https:\/\/emak.tech\/product\/yealink-wh62-mono\/"},"modified":"2023-10-12T09:42:49","modified_gmt":"2023-10-12T14:42:49","slug":"yealink-wh62-mono","status":"publish","type":"product","link":"https:\/\/emak.tech\/fr\/produit\/yealink-wh62-mono\/","title":{"rendered":"Yealink WH62 Mono"},"content":{"rendered":"<p><strong>Offrez une voix haute d\u00e9finition gr\u00e2ce \u00e0 l&#8217;\u00e9cran acoustique Yealink.<\/strong><br \/>\nAvec la technologie Yealink Acoustic Shield, les casques peuvent filtrer efficacement les bruits de fond gr\u00e2ce \u00e0 deux microphones lorsque vous \u00eates en communication.<br \/>\nCela garantit une qualit\u00e9 vocale HD pour vos interlocuteurs et assure des conversations sans distraction.<\/p>\n<p>&nbsp;<\/p>\n<div class=\"mod_aud_name\"><strong>Le bruit est un ennemi de la productivit\u00e9.<\/strong><\/div>\n<div class=\"mod_aud_info\">Avec sa conception \u00e0 2 microphones, il garantit \u00e0 vos clients une meilleure exp\u00e9rience de communication.<br \/>\n\u00c9coutez ce que le casque peut offrir.<\/div>\n<div><\/div>\n<div>\n<p class=\"f-50\"><strong>Adapt\u00e9 \u00e0 votre plateforme.<\/strong><\/p>\n<p><small>Gr\u00e2ce \u00e0 la large compatibilit\u00e9 des dispositifs de collaboration personnels Yealink tels que les casques, les t\u00e9l\u00e9phones de conf\u00e9rence et les cam\u00e9ras USB, les utilisateurs peuvent profiter d&#8217;une exp\u00e9rience d&#8217;appel coh\u00e9rente sur les plateformes de communication unifi\u00e9e, garantissant une meilleure qualit\u00e9 de communication, une productivit\u00e9 accrue et des co\u00fbts informatiques r\u00e9duits. Certifi\u00e9s pour Microsoft Teams, ces dispositifs sont con\u00e7us avec un bouton d\u00e9di\u00e9 \u00e0 Teams pour activer Microsoft Teams d&#8217;un simple toucher.<br \/>\n*Veuillez v\u00e9rifier la liste de compatibilit\u00e9 pour plus de d\u00e9tails.<\/small><\/p>\n<\/div>\n<div><\/div>\n<div>\n<div class=\"xj_mess_name\"><strong>Restez concentr\u00e9 et<\/strong><br \/>\n<strong>Am\u00e9liorez la productivit\u00e9.<\/strong><\/div>\n<div class=\"xj_mess_info\">Indicateur visuel qui aide \u00e0 r\u00e9duire<br \/>\nles distractions et \u00e9liminer les interruptions, ce qui promet<br \/>\nvotre productivit\u00e9 id\u00e9ale.* Le voyant d&#8217;occupation externe (BLT60) est disponible en option.<\/div>\n<\/div>\n<div>\n<div class=\"col\">\n<div class=\"col\"><\/div>\n<div class=\"col\">\n<div class=\"txt\"><img loading=\"lazy\" decoding=\"async\" class=\"alignnone size-full wp-image-10101\" src=\"https:\/\/emak.tech\/wp-content\/uploads\/2022\/02\/1605666762459.png\" alt=\"\" width=\"727\" height=\"636\" srcset=\"https:\/\/emak.tech\/wp-content\/uploads\/2022\/02\/1605666762459.png 727w, https:\/\/emak.tech\/wp-content\/uploads\/2022\/02\/1605666762459-300x262.png 300w, https:\/\/emak.tech\/wp-content\/uploads\/2022\/02\/1605666762459-200x175.png 200w, https:\/\/emak.tech\/wp-content\/uploads\/2022\/02\/1605666762459-250x219.png 250w, https:\/\/emak.tech\/wp-content\/uploads\/2022\/02\/1605666762459-600x525.png 600w\" sizes=\"auto, (max-width: 727px) 100vw, 727px\" \/><\/div>\n<\/div>\n<\/div>\n<div class=\"col\">\n<div class=\"txt\">\n<p class=\"f-50\"><strong>Zone de sourdine intelligente.<\/strong><\/p>\n<p><small>Lorsque vous relevez la perche du microphone \u00e0 moins de 30 degr\u00e9s, les casques activent automatiquement la fonction de sourdine, vous permettant de passer facilement \u00e0 une conversation priv\u00e9e.<\/small><\/p>\n<\/div>\n<\/div>\n<div>\n<p class=\"f-50\"><img decoding=\"async\" src=\"https:\/\/www.yealink.com\/upfiles\/files\/20201118512031.png\" alt=\"\"><\/p>\n<p><strong>Assurez une communication tout en confort.<\/strong><\/p>\n<p><small>Pour r\u00e9pondre aux diff\u00e9rentes pr\u00e9f\u00e9rences des utilisateurs, Yealink a cr\u00e9\u00e9 un casque au design l\u00e9ger avec un serre-t\u00eate r\u00e9glable, des coussinets d&#8217;oreille rempla\u00e7ables, et deux styles de port, \u00e0 savoir mono et double, pour garantir un confort toute la journ\u00e9e.<\/small><\/p>\n<p><img decoding=\"async\" src=\"https:\/\/www.yealink.com\/upfiles\/files\/20201118330447.png\" alt=\"\"><\/p>\n<\/div>\n<div><\/div>\n<\/div>\n<div>\n<div>\n<p class=\"f-50\"><strong>Libert\u00e9 sans fil et autonomie toute la journ\u00e9e.<\/strong><\/p>\n<p><small>Peu importe quand et o\u00f9 commence votre conversation, les casques peuvent toujours suivre votre rythme. Avec une port\u00e9e sans fil allant jusqu&#8217;\u00e0 160 m\u00e8tres et une autonomie de conversation de 14 heures, il convient aux besoins de communication quotidiens des utilisateurs. De plus, le produit prend en charge une installation \u00e0 haute densit\u00e9 dans les bureaux ouverts, ce qui permet \u00e0 jusqu&#8217;\u00e0 200 utilisateurs (en Europe) de profiter de la communication sans fil en m\u00eame temps.<\/small><\/p>\n<\/div>\n<div><\/div>\n<\/div>\n<div>\n<p class=\"f-50\"><strong>Un pour tous.<\/strong><br \/>\n<strong>Gestion des appareils.<\/strong><\/p>\n<p><small>Yealink USB Connect est disponible pour la gestion de plusieurs appareils USB Yealink, y compris les casques, les t\u00e9l\u00e9phones de conf\u00e9rence et les webcams.<br \/>\nTous les param\u00e8tres peuvent \u00eatre configur\u00e9s via Yealink USB Connect, par exemple, la configuration des fonctions de base et premium du WH66, ce qui est pratique et efficace pour une utilisation quotidienne.<\/small><\/p>\n<\/div>\n","protected":false},"excerpt":{"rendered":"<p><img loading=\"lazy\" decoding=\"async\" class=\"alignnone size-full wp-image-10097\" src=\"https:\/\/emak.tech\/wp-content\/uploads\/2022\/02\/20210116482862.png\" alt=\"\" width=\"487\" height=\"109\" srcset=\"https:\/\/emak.tech\/wp-content\/uploads\/2022\/02\/20210116482862.png 487w, https:\/\/emak.tech\/wp-content\/uploads\/2022\/02\/20210116482862-300x67.png 300w, https:\/\/emak.tech\/wp-content\/uploads\/2022\/02\/20210116482862-200x45.png 200w, https:\/\/emak.tech\/wp-content\/uploads\/2022\/02\/20210116482862-250x56.png 250w\" sizes=\"auto, (max-width: 487px) 100vw, 487px\" \/><\/p>\n<p>&nbsp;<\/p>\n<p>Casque sans fil mono Yealink WH62 UC avec annulation de bruit &#8211; Se connecte et fonctionne avec les t\u00e9l\u00e9phones de bureau \u00e9quip\u00e9s de l&#8217;USB, les ordinateurs et les logiciels de t\u00e9l\u00e9phonie.<\/p>\n","protected":false},"featured_media":10100,"comment_status":"open","ping_status":"closed","template":"","meta":[],"pwb-brand":[226],"product_brand":[],"product_cat":[188,203],"product_tag":[240,241],"class_list":{"0":"post-10298","1":"product","2":"type-product","3":"status-publish","4":"has-post-thumbnail","6":"pwb-brand-yealink-fr","7":"product_cat-accessoires","8":"product_cat-casques-decoute","9":"product_tag-casque","10":"product_tag-mono-fr","12":"first","13":"instock","14":"shipping-taxable","15":"purchasable","16":"product-type-simple"},"brands":[{"id":226,"name":"Yealink","slug":"yealink-fr"}],"_links":{"self":[{"href":"https:\/\/emak.tech\/fr\/wp-json\/wp\/v2\/product\/10298","targetHints":{"allow":["GET"]}}],"collection":[{"href":"https:\/\/emak.tech\/fr\/wp-json\/wp\/v2\/product"}],"about":[{"href":"https:\/\/emak.tech\/fr\/wp-json\/wp\/v2\/types\/product"}],"replies":[{"embeddable":true,"href":"https:\/\/emak.tech\/fr\/wp-json\/wp\/v2\/comments?post=10298"}],"wp:featuredmedia":[{"embeddable":true,"href":"https:\/\/emak.tech\/fr\/wp-json\/wp\/v2\/media\/10100"}],"wp:attachment":[{"href":"https:\/\/emak.tech\/fr\/wp-json\/wp\/v2\/media?parent=10298"}],"wp:term":[{"taxonomy":"pwb-brand","embeddable":true,"href":"https:\/\/emak.tech\/fr\/wp-json\/wp\/v2\/pwb-brand?post=10298"},{"taxonomy":"product_brand","embeddable":true,"href":"https:\/\/emak.tech\/fr\/wp-json\/wp\/v2\/product_brand?post=10298"},{"taxonomy":"product_cat","embeddable":true,"href":"https:\/\/emak.tech\/fr\/wp-json\/wp\/v2\/product_cat?post=10298"},{"taxonomy":"product_tag","embeddable":true,"href":"https:\/\/emak.tech\/fr\/wp-json\/wp\/v2\/product_tag?post=10298"}],"curies":[{"name":"wp","href":"https:\/\/api.w.org\/{rel}","templated":true}]}}