{"id":10301,"date":"2019-06-26T14:05:34","date_gmt":"2023-10-13T21:39:52","guid":{"rendered":"https:\/\/emak.tech\/product\/yealink-ehs36-wireless-headset-ehs-adapter\/"},"modified":"2023-10-13T16:39:52","modified_gmt":"2023-10-13T21:39:52","slug":"yealink-ehs36-wireless-headset-ehs-adapter","status":"publish","type":"product","link":"https:\/\/emak.tech\/fr\/produit\/yealink-ehs36-wireless-headset-ehs-adapter\/","title":{"rendered":"Yealink EHS36 &#8211; Adaptateur pour casque sans fil EHS"},"content":{"rendered":"<div class=\"title tac\">\n<h1 style=\"text-align: center;\">EHS36<\/h1>\n<\/div>\n<div class=\"bg\">\n<div class=\"maxsize\">\n<div class=\"block type1\">\n<h3 style=\"text-align: center;\">Adaptateur pour casque sans fil<\/h3>\n<p>Le nouvel adaptateur de casque avanc\u00e9 Yealink EHS36 assure l&#8217;interface technique entre les t\u00e9l\u00e9phones IP Yealink SIP-T48S\/T48G\/T46S\/T46G\/T42S\/T42G\/T41S\/T41P\/T40G\/T40P\/T29G\/T27G\/T27P et un casque sans fil compatible. Il est approuv\u00e9 pour une utilisation avec des mod\u00e8les sans fil fabriqu\u00e9s par des grands fabricants, notamment Jabra, Plantronics et Sennheiser. L&#8217;unit\u00e9 est facile \u00e0 installer gr\u00e2ce \u00e0 un simple raccordement de l&#8217;EHS36 au port EXT du t\u00e9l\u00e9phone. Son mode &#8220;plug-and-play&#8221; vous offre un contr\u00f4le direct de votre t\u00e9l\u00e9phone Yealink, avec la capacit\u00e9 de r\u00e9pondre et de raccrocher les appels \u00e0 distance. Il a \u00e9t\u00e9 sp\u00e9cifiquement con\u00e7u pour garantir une efficacit\u00e9 maximale dans les espaces de r\u00e9ception, les centres d&#8217;appels et une utilisation t\u00e9l\u00e9phonique g\u00e9n\u00e9rale. L&#8217;EHS36 est id\u00e9al pour les secteurs d&#8217;entreprise, de la finance, de la sant\u00e9, du gouvernement, de l&#8217;\u00e9ducation, de l&#8217;industrie, ainsi que pour les PME\/SoHo.<\/p>\n<p>* Compatibilit\u00e9 totale avec Jabra, Plantronics et Sennheiser<br \/>\n* Contr\u00f4le du t\u00e9l\u00e9phone via un casque sans fil<br \/>\n* Brancher et jouer, facile \u00e0 utiliser<\/p>\n<div class=\"tac\"><img decoding=\"async\" class=\"aligncenter\" src=\"https:\/\/www.yealink.com\/upfiles\/products\/201906\/1559715548798.jpg\" alt=\"Adaptateur pour casque sans fil\"><\/div>\n<\/div>\n<div class=\"block type1\">\n<p><strong>Caract\u00e9ristiques principales<\/strong><br \/>\n\u25cf Compatible avec les t\u00e9l\u00e9phones Yealink SIP-T48S\/T48G\/T46S\/T46G\/T42S\/T42G\/T41S\/T41P\/T40G\/T40P\/T29G\/T27G\/T27P<br \/>\n\u25cf Compatible avec Jabra, Plantronics, Sennheiser<br \/>\n\u25cf Brancher et jouer, Facile \u00e0 utiliser<br \/>\n\u25cf R\u00e9pondez aux appels entrants via un casque sans fil \u00e0 distance<br \/>\n\u25cf Mettez fin aux appels en utilisant la touche du casque sans fil \u00e0 distance<br \/>\n\u25cf Les appels entrants sont signal\u00e9s dans l&#8217;\u00e9couteur du casque.<\/p>\n<p><strong>Caract\u00e9ristiques physiques<\/strong><br \/>\n\u25cf Dot\u00e9 d&#8217;un port d&#8217;entr\u00e9e RJ12(6P6C) int\u00e9gr\u00e9 connect\u00e9 au t\u00e9l\u00e9phone IP.<br \/>\n\u25cf 1 port de sortie RJ45 (8P8C) pour les casques GN\/Jabra.<br \/>\n\u25cf 1 port de sortie 3,5 mm pour les casques Plantronics.<br \/>\n\u25cf Accessoires: RJ12, RJ45, 3.5mm, cordon RJ11<\/p>\n<\/div>\n<\/div>\n<\/div>\n","protected":false},"excerpt":{"rendered":"<p>Cet adaptateur en option vous permet de r\u00e9pondre et de raccrocher les appels directement \u00e0 l&#8217;aide d&#8217;un casque DECT sans fil. Convient aux t\u00e9l\u00e9phones Yealink utilis\u00e9s avec des casques DECT Plantronics, Jabra et Sennheiser sp\u00e9cifiques.<\/p>\n","protected":false},"featured_media":1713,"comment_status":"open","ping_status":"closed","template":"","meta":[],"pwb-brand":[226],"product_brand":[],"product_cat":[203],"product_tag":[],"class_list":{"0":"post-10301","1":"product","2":"type-product","3":"status-publish","4":"has-post-thumbnail","6":"pwb-brand-yealink-fr","7":"product_cat-casques-decoute","9":"first","10":"instock","11":"shipping-taxable","12":"purchasable","13":"product-type-simple"},"brands":[{"id":226,"name":"Yealink","slug":"yealink-fr"}],"_links":{"self":[{"href":"https:\/\/emak.tech\/fr\/wp-json\/wp\/v2\/product\/10301","targetHints":{"allow":["GET"]}}],"collection":[{"href":"https:\/\/emak.tech\/fr\/wp-json\/wp\/v2\/product"}],"about":[{"href":"https:\/\/emak.tech\/fr\/wp-json\/wp\/v2\/types\/product"}],"replies":[{"embeddable":true,"href":"https:\/\/emak.tech\/fr\/wp-json\/wp\/v2\/comments?post=10301"}],"wp:featuredmedia":[{"embeddable":true,"href":"https:\/\/emak.tech\/fr\/wp-json\/wp\/v2\/media\/1713"}],"wp:attachment":[{"href":"https:\/\/emak.tech\/fr\/wp-json\/wp\/v2\/media?parent=10301"}],"wp:term":[{"taxonomy":"pwb-brand","embeddable":true,"href":"https:\/\/emak.tech\/fr\/wp-json\/wp\/v2\/pwb-brand?post=10301"},{"taxonomy":"product_brand","embeddable":true,"href":"https:\/\/emak.tech\/fr\/wp-json\/wp\/v2\/product_brand?post=10301"},{"taxonomy":"product_cat","embeddable":true,"href":"https:\/\/emak.tech\/fr\/wp-json\/wp\/v2\/product_cat?post=10301"},{"taxonomy":"product_tag","embeddable":true,"href":"https:\/\/emak.tech\/fr\/wp-json\/wp\/v2\/product_tag?post=10301"}],"curies":[{"name":"wp","href":"https:\/\/api.w.org\/{rel}","templated":true}]}}