{"id":10303,"date":"2023-10-17T16:25:50","date_gmt":"2023-10-17T21:30:04","guid":{"rendered":"https:\/\/emak.tech\/product\/yealink-t53w-ip-phone-psu-bdl\/"},"modified":"2023-10-23T13:14:31","modified_gmt":"2023-10-23T18:14:31","slug":"yealink-t53w-ip-phone-psu-bdl","status":"publish","type":"product","link":"https:\/\/emak.tech\/fr\/produit\/yealink-t53w-ip-phone-psu-bdl\/","title":{"rendered":"Yealink T53W IP Phone + PSU BDL"},"content":{"rendered":"<div class=\"title tac\">\n<h2>SIP-T53\/T53W<\/h2>\n<\/div>\n<div class=\"bg\">\n<div class=\"maxsize\">\n<div class=\"block type2\">\n<p>Les t\u00e9l\u00e9phones Yealink T5 Prime Business T53, T53W, T54W et T57W sont destin\u00e9s aux utilisateurs de communication vocale tr\u00e8s actifs d\u2019aujourd\u2019hui, en leur offrant des fonctionnalit\u00e9s de t\u00e9l\u00e9phonie avanc\u00e9es, une exp\u00e9rience de communication HD de nouvelle g\u00e9n\u00e9ration et une grande flexibilit\u00e9. Les t\u00e9l\u00e9phones offrent aux entreprises de toutes tailles une solution de haute qualit\u00e9, \u00e0 l&#8217;\u00e9preuve du temps et in\u00e9gal\u00e9e qui lib\u00e9rera la puissance de la communication et de la collaboration \u00e0 distance et am\u00e9liorera \u00e9ventuellement la productivit\u00e9.<\/p>\n<div class=\"tac\"><img decoding=\"async\" class=\"aligncenter\" src=\"https:\/\/www.yealink.com\/upfiles\/products\/201901\/1548741817088.png\" alt=\"\"><\/div>\n<\/div>\n<div class=\"block type1\">\n<h3>Conception ergonomique avec \u00e9crans ajustables<\/h3>\n<p>\u2022 Conception \u00e9l\u00e9gante et raffin\u00e9e am\u00e9lior\u00e9e avec de grands \u00e9crans r\u00e9tro\u00e9clair\u00e9s de haute r\u00e9solution et des indicateurs LED pour offrir une exp\u00e9rience de visualisation et de navigation optimis\u00e9e.<br \/>\n\u2022 Affichage enti\u00e8rement ajustable pour r\u00e9pondre aux besoins de visualisation sous une vari\u00e9t\u00e9 d&#8217;angles et dans une vari\u00e9t\u00e9 de conditions d&#8217;\u00e9clairage.<\/p>\n<div class=\"tac\"><img decoding=\"async\" class=\"aligncenter\" src=\"https:\/\/www.yealink.com\/upfiles\/products\/201901\/1548733737492.png\" alt=\"Conception ergonomique avec \u00e9crans ajustables\"><\/div>\n<\/div>\n<div class=\"block type1\">\n<h3>Communications HD sans distraction<\/h3>\n<p>\u2022 Con\u00e7u avec la technologie Yealink Acoustic Shield pour offrir une clart\u00e9 vocale sans distraction aux participants distants.<br \/>\n\u2022 La technologie Yealink Acoustic Shield utilise plusieurs microphones pour cr\u00e9er un \u00abbouclier\u00bb virtuel entre l&#8217;enceinte et la source sonore ext\u00e9rieure. Une fois activ\u00e9, il bloque ou coupe intelligemment les sons provenant de l&#8217;ext\u00e9rieur du \u00abbouclier\u00bb afin que la personne \u00e0 l&#8217;autre extr\u00e9mit\u00e9 ne vous entende que et vous suive clairement.<br \/>\n\u2022 Id\u00e9al pour les espaces de travail occup\u00e9s et bruyants tels que les centres d&#8217;appels et les bureaux en r\u00e9duisant consid\u00e9rablement la frustration et en am\u00e9liorant la productivit\u00e9.<\/p>\n<div class=\"tac\"><img decoding=\"async\" class=\"aligncenter\" src=\"https:\/\/www.yealink.com\/upfiles\/products\/201901\/1548740033619.png\" alt=\"Communications HD sans distraction\"><\/div>\n<\/div>\n<div class=\"block type1\">\n<h3>Explorez beaucoup plus de possibilit\u00e9s<\/h3>\n<p>\u2022 Partage de contenu instantan\u00e9 avec les personnes \u00e0 l&#8217;autre bout de l&#8217;appel. Il permet une discussion rapide et acc\u00e9l\u00e8re la prise de d\u00e9cision (disponible en mars 2019)<br \/>\n\u2022 Prise en charge de la compatibilit\u00e9 des combin\u00e9s DECT via un dongle DECT Yealink DD10K, jusqu&#8217;\u00e0 4 combin\u00e9s sans fil<br \/>\n\u2022 Commutation transparente des appels entre le t\u00e9l\u00e9phone de bureau et le combin\u00e9 DECT sans fil<br \/>\n\u2022 Bluetooth et Wi-Fi int\u00e9gr\u00e9s<\/p>\n<div class=\"tac\"><img decoding=\"async\" class=\"aligncenter\" src=\"https:\/\/www.yealink.com\/upfiles\/products\/201901\/1548740376735.png\" alt=\"Explorez beaucoup plus de possibilit\u00e9s\"><\/div>\n<\/div>\n<div class=\"block type1\">\n<h3>T\u00e9l\u00e9phone Prime Business T53 \/ T53W<\/h3>\n<p><img decoding=\"async\" class=\"alignleft\" src=\"https:\/\/www.yealink.com\/upfiles\/images\/20190130135238.png\" alt=\"\"><\/p>\n<p>\u2022 T\u00e9l\u00e9phone d&#8217;entr\u00e9e de gamme, bien adapt\u00e9 aux espaces de travail communs<br \/>\n\u2022 \u00c9cran graphique de 3,7 &#8220;360 x 160 pixels, enti\u00e8rement ajustable<br \/>\n\u2022 Voix HD avec technologie Yealink Acoustic Shield<br \/>\n\u2022 8 touches de ligne, 12 comptes SIP, 21 touches de m\u00e9moire<br \/>\n\u2022 Bluetooth int\u00e9gr\u00e9, Wi-Fi (T53W) *<br \/>\n\u2022 Deux ports Gigabit Ethernet<br \/>\n\u2022 1 port USB pour l&#8217;enregistrement des appels ou un casque USB sans fil<\/p>\n<\/div>\n<\/div>\n<\/div>\n","protected":false},"excerpt":{"rendered":"<p>Les Yealink T53W et T53 offrent l&#8217;une des meilleures valeurs de tous les t\u00e9l\u00e9phones actuellement sur le march\u00e9. Ce t\u00e9l\u00e9phone offre 8 touches de ligne physique, qui peuvent \u00eatre \u00e9tendues avec le module d&#8217;extension EXP50 pour les applications de r\u00e9ception.<\/p>\n<p>Il dispose d&#8217;un \u00e9cran noir et blanc ajustable de 3,7 &#8220;g\u00e9n\u00e9reusement dimensionn\u00e9 avec de grandes \u00e9tiquettes qui le rendent tr\u00e8s facile \u00e0 lire. Le T53W (le \u00ab W \u00bb signifie sans fil) est dot\u00e9 du WiFi et du Bluetooth int\u00e9gr\u00e9s, ce qui en fait un t\u00e9l\u00e9phone id\u00e9al o\u00f9 le c\u00e2blage est difficile. Le haut-parleur du T53 est le meilleur que Yealink a \u00e0 offrir sur ses t\u00e9l\u00e9phones de bureau et est consid\u00e9rablement am\u00e9lior\u00e9 par rapport aux mod\u00e8les de la g\u00e9n\u00e9ration pr\u00e9c\u00e9dente.<\/p>\n<p>Ce t\u00e9l\u00e9phone est un appareil exceptionnel dans tous les environnements de bureau pour les travailleurs du savoir, les r\u00e9ceptionnistes et les propri\u00e9taires d&#8217;entreprise.<\/p>\n<p>Pour son prix, la s\u00e9rie Yealink T53 offre beaucoup de valeur, puisqu&#8217;il offre toutes les caract\u00e9ristiques importantes des mod\u00e8les plus chers. Bien qu&#8217;il n&#8217;ait pas l&#8217;attrait des mod\u00e8les d&#8217;\u00e9cran couleur et d&#8217;\u00e9cran tactile, il s&#8217;agit d&#8217;un excellent t\u00e9l\u00e9phone de bureau de travail et l&#8217;un des t\u00e9l\u00e9phones les plus \u00e9conomiques propos\u00e9s par Yealink.<img loading=\"lazy\" decoding=\"async\" class=\"aligncenter size-full wp-image-2499\" src=\"https:\/\/emak.tech\/wp-content\/uploads\/2019\/06\/Capture-1.jpg\" alt=\"\" width=\"1079\" height=\"266\" srcset=\"https:\/\/emak.tech\/wp-content\/uploads\/2019\/06\/Capture-1.jpg 1079w, https:\/\/emak.tech\/wp-content\/uploads\/2019\/06\/Capture-1-250x62.jpg 250w, https:\/\/emak.tech\/wp-content\/uploads\/2019\/06\/Capture-1-600x148.jpg 600w, https:\/\/emak.tech\/wp-content\/uploads\/2019\/06\/Capture-1-300x74.jpg 300w, https:\/\/emak.tech\/wp-content\/uploads\/2019\/06\/Capture-1-768x189.jpg 768w, https:\/\/emak.tech\/wp-content\/uploads\/2019\/06\/Capture-1-1024x252.jpg 1024w, https:\/\/emak.tech\/wp-content\/uploads\/2019\/06\/Capture-1-200x49.jpg 200w\" sizes=\"auto, (max-width: 1079px) 100vw, 1079px\" \/><\/p>\n","protected":false},"featured_media":2553,"comment_status":"open","ping_status":"closed","template":"","meta":[],"pwb-brand":[226],"product_brand":[],"product_cat":[192],"product_tag":[],"class_list":{"0":"post-10303","1":"product","2":"type-product","3":"status-publish","4":"has-post-thumbnail","6":"pwb-brand-yealink-fr","7":"product_cat-telephones-de-bureau","9":"first","10":"instock","11":"shipping-taxable","12":"purchasable","13":"product-type-simple"},"brands":[{"id":226,"name":"Yealink","slug":"yealink-fr"}],"_links":{"self":[{"href":"https:\/\/emak.tech\/fr\/wp-json\/wp\/v2\/product\/10303","targetHints":{"allow":["GET"]}}],"collection":[{"href":"https:\/\/emak.tech\/fr\/wp-json\/wp\/v2\/product"}],"about":[{"href":"https:\/\/emak.tech\/fr\/wp-json\/wp\/v2\/types\/product"}],"replies":[{"embeddable":true,"href":"https:\/\/emak.tech\/fr\/wp-json\/wp\/v2\/comments?post=10303"}],"wp:featuredmedia":[{"embeddable":true,"href":"https:\/\/emak.tech\/fr\/wp-json\/wp\/v2\/media\/2553"}],"wp:attachment":[{"href":"https:\/\/emak.tech\/fr\/wp-json\/wp\/v2\/media?parent=10303"}],"wp:term":[{"taxonomy":"pwb-brand","embeddable":true,"href":"https:\/\/emak.tech\/fr\/wp-json\/wp\/v2\/pwb-brand?post=10303"},{"taxonomy":"product_brand","embeddable":true,"href":"https:\/\/emak.tech\/fr\/wp-json\/wp\/v2\/product_brand?post=10303"},{"taxonomy":"product_cat","embeddable":true,"href":"https:\/\/emak.tech\/fr\/wp-json\/wp\/v2\/product_cat?post=10303"},{"taxonomy":"product_tag","embeddable":true,"href":"https:\/\/emak.tech\/fr\/wp-json\/wp\/v2\/product_tag?post=10303"}],"curies":[{"name":"wp","href":"https:\/\/api.w.org\/{rel}","templated":true}]}}