{"id":9143,"date":"2021-01-28T12:48:42","date_gmt":"2021-01-28T19:15:05","guid":{"rendered":"https:\/\/emak.tech\/product\/yealink-t33g-ip-phone\/"},"modified":"2021-01-28T14:15:05","modified_gmt":"2021-01-28T19:15:05","slug":"yealink-t33g-ip-phone-2","status":"publish","type":"product","link":"https:\/\/emak.tech\/fr\/produit\/yealink-t33g-ip-phone-2\/","title":{"rendered":"T\u00e9l\u00e9phone IP Yealink T33G"},"content":{"rendered":"<h3 class=\"title tac\">Caract\u00e9ristiques principales et avantages<\/h3>\n<div class=\"title tac\">\nDe meilleures performances, plus de possibilit\u00e9s<br \/>\n\u00c9quip\u00e9e d&#8217;une puce puissante, la s\u00e9rie T3 poss\u00e8de une capacit\u00e9 de calcul plus forte et<br \/>\nplus de fonctions am\u00e9lior\u00e9es, ce qui garantit une productivit\u00e9 plus \u00e9lev\u00e9e et une exp\u00e9rience.de bureautique<br \/>\nplus fluide. En raison de ses excellentes performances, la s\u00e9rie T3 est capable de desservir plus de<br \/>\ndemandes diff\u00e9rentes commerciales.<\/div>\n<h3 class=\"title tac\">\nAudio HD sup\u00e9rieur, meilleure communication<\/h3>\n<div class=\"title tac\">\nLa s\u00e9rie Yealink T3 fournit des communications sans distraction avec des<br \/>\nla technologie de filtrage intelligente du bruit, qui offre une excellente qualit\u00e9 sonore sans<br \/>\nbruits \u00e9trangers et permet des conversations sans interruptions.<\/div>\n<h3 class=\"title tac\">\nDesign classique, d\u00e9tails pratiques<\/h3>\n<div class=\"title tac\">\nCon\u00e7ue par l&#8217;\u00e9quipe originale de Yealink, la s\u00e9rie T3 h\u00e9rite du concept de design de Yealink IP<br \/>\nfamille de t\u00e9l\u00e9phone. La conception avanc\u00e9e comprenant des apparences modernes et les d\u00e9tails ergonomiques<br \/>\npermettent aux utilisateurs une exp\u00e9rience d&#8217;op\u00e9ration plus facile et conviviale.<\/div>\n<div class=\"title tac\"><\/div>\n","protected":false},"excerpt":{"rendered":"<div class=\"title tac\">\n<h2>SIP-T33G<\/h2>\n<\/div>\n<div class=\"bg\">\n<div class=\"maxsize\">\n<div class=\"block type2\">\n<h4>T\u00e9l\u00e9phone IP d&#8217;entr\u00e9e de gamme avec 4 lignes et \u00e9cran LCD couleur<\/h4>\n<p>T\u00e9l\u00e9phone IP d&#8217;entr\u00e9e de gamme \u00e0 \u00e9cran couleur et hautes performances, le Yealink SIP-T33G prend en charge 4 lignes et comprend<br \/>\nla conf\u00e9rence locale \u00e0 5 voies. Pour son apparence \u00e0 la mode ainsi que pour un tr\u00e8s grand \u00e9cran couleur de 320&#215;240 pixels avec r\u00e9tro\u00e9clairage, il apporte<br \/>\nune exp\u00e9rience de fonctionnement et exp\u00e9rience visuelle claire pour les utilisateurs. Con\u00e7u avec une nouvelle puce puissante, il contribue \u00e0 une efficacit\u00e9 de travail<br \/>\ngrandement am\u00e9lior\u00e9. Les fonctionnalit\u00e9s suppl\u00e9mentaires incluent un Gigabit Ethernet \u00e0 deux ports avec PoE int\u00e9gr\u00e9, la prise en charge EHS35 pour le casque sans fil Yealink et<br \/>\nune base r\u00e9glable multi-angle. Ces fonctionnalit\u00e9s permettent au SIP-T33G d&#8217;\u00eatre un t\u00e9l\u00e9phone IP classique de haute qualit\u00e9 mais rentable qui<br \/>\nmaximise la productivit\u00e9 dans les petits et grands environnements de bureau.<\/p>\n<p><img loading=\"lazy\" decoding=\"async\" class=\"alignnone size-full wp-image-9141\" src=\"https:\/\/emak.tech\/wp-content\/uploads\/2021\/01\/icons.png\" alt=\"\" width=\"343\" height=\"219\" srcset=\"https:\/\/emak.tech\/wp-content\/uploads\/2021\/01\/icons.png 343w, https:\/\/emak.tech\/wp-content\/uploads\/2021\/01\/icons-300x192.png 300w, https:\/\/emak.tech\/wp-content\/uploads\/2021\/01\/icons-200x128.png 200w, https:\/\/emak.tech\/wp-content\/uploads\/2021\/01\/icons-250x160.png 250w\" sizes=\"auto, (max-width: 343px) 100vw, 343px\" \/><\/p>\n<\/div>\n<\/div>\n<\/div>\n","protected":false},"featured_media":9139,"comment_status":"open","ping_status":"closed","template":"","meta":[],"pwb-brand":[226],"product_brand":[],"product_cat":[192],"product_tag":[],"class_list":{"0":"post-9143","1":"product","2":"type-product","3":"status-publish","4":"has-post-thumbnail","6":"pwb-brand-yealink-fr","7":"product_cat-telephones-de-bureau","9":"first","10":"instock","11":"shipping-taxable","12":"purchasable","13":"product-type-simple"},"brands":[{"id":226,"name":"Yealink","slug":"yealink-fr"}],"_links":{"self":[{"href":"https:\/\/emak.tech\/fr\/wp-json\/wp\/v2\/product\/9143","targetHints":{"allow":["GET"]}}],"collection":[{"href":"https:\/\/emak.tech\/fr\/wp-json\/wp\/v2\/product"}],"about":[{"href":"https:\/\/emak.tech\/fr\/wp-json\/wp\/v2\/types\/product"}],"replies":[{"embeddable":true,"href":"https:\/\/emak.tech\/fr\/wp-json\/wp\/v2\/comments?post=9143"}],"wp:featuredmedia":[{"embeddable":true,"href":"https:\/\/emak.tech\/fr\/wp-json\/wp\/v2\/media\/9139"}],"wp:attachment":[{"href":"https:\/\/emak.tech\/fr\/wp-json\/wp\/v2\/media?parent=9143"}],"wp:term":[{"taxonomy":"pwb-brand","embeddable":true,"href":"https:\/\/emak.tech\/fr\/wp-json\/wp\/v2\/pwb-brand?post=9143"},{"taxonomy":"product_brand","embeddable":true,"href":"https:\/\/emak.tech\/fr\/wp-json\/wp\/v2\/product_brand?post=9143"},{"taxonomy":"product_cat","embeddable":true,"href":"https:\/\/emak.tech\/fr\/wp-json\/wp\/v2\/product_cat?post=9143"},{"taxonomy":"product_tag","embeddable":true,"href":"https:\/\/emak.tech\/fr\/wp-json\/wp\/v2\/product_tag?post=9143"}],"curies":[{"name":"wp","href":"https:\/\/api.w.org\/{rel}","templated":true}]}}