{"id":9164,"date":"2019-06-26T14:05:38","date_gmt":"2021-02-02T22:50:40","guid":{"rendered":"https:\/\/emak.tech\/product\/yealink-t54w-ip-phone\/"},"modified":"2023-10-23T16:31:47","modified_gmt":"2023-10-23T21:31:47","slug":"yealink-t54w-ip-phone","status":"publish","type":"product","link":"https:\/\/emak.tech\/fr\/produit\/yealink-t54w-ip-phone\/","title":{"rendered":"T\u00e9l\u00e9phone IP Yealink T54W"},"content":{"rendered":"<div class=\"block type2\">\n<div class=\"title tac\">\n<h2>SIP-T54W<\/h2>\n<\/div>\n<p>Les t\u00e9l\u00e9phones Yealink T5 Prime Business T53, T53W, T54W et T57W sont destin\u00e9s aux utilisateurs de communication vocale tr\u00e8s actifs d\u2019aujourd\u2019hui, en leur offrant des fonctionnalit\u00e9s de t\u00e9l\u00e9phonie avanc\u00e9es, une exp\u00e9rience de communication HD de nouvelle g\u00e9n\u00e9ration et une grande flexibilit\u00e9. Les t\u00e9l\u00e9phones offrent aux entreprises de toutes tailles une solution de haute qualit\u00e9, \u00e0 l&#8217;\u00e9preuve du temps et in\u00e9gal\u00e9e qui lib\u00e9rera la puissance de la communication et de la collaboration \u00e0 distance et am\u00e9liorera \u00e9ventuellement la productivit\u00e9.<\/p>\n<div class=\"tac\"><img decoding=\"async\" class=\"aligncenter\" src=\"https:\/\/www.yealink.com\/upfiles\/products\/201901\/1548741817088.png\" alt=\"\"><\/div>\n<\/div>\n<div class=\"block type1\">\n<h3>Conception ergonomique avec \u00e9crans ajustables<\/h3>\n<p>\u2022 Conception \u00e9l\u00e9gante et raffin\u00e9e am\u00e9lior\u00e9e avec de grands \u00e9crans r\u00e9tro\u00e9clair\u00e9s de haute r\u00e9solution et des indicateurs LED pour offrir une exp\u00e9rience de visualisation et de navigation optimis\u00e9e.<br \/>\n\u2022 Affichage enti\u00e8rement ajustable pour r\u00e9pondre aux besoins de visualisation sous une vari\u00e9t\u00e9 d&#8217;angles et dans une vari\u00e9t\u00e9 de conditions d&#8217;\u00e9clairage.<\/p>\n<div class=\"tac\"><img decoding=\"async\" class=\"aligncenter\" src=\"https:\/\/www.yealink.com\/upfiles\/products\/201901\/1548733737492.png\" alt=\"Conception ergonomique avec \u00e9crans ajustables\"><\/div>\n<\/div>\n<div class=\"block type1\">\n<h3>Communications HD sans distraction<\/h3>\n<p>\u2022 Con\u00e7u avec la technologie Yealink Acoustic Shield pour offrir une clart\u00e9 vocale sans distraction aux participants distants.<br \/>\n\u2022 La technologie Yealink Acoustic Shield utilise plusieurs microphones pour cr\u00e9er un \u00abbouclier\u00bb virtuel entre l&#8217;enceinte et la source sonore ext\u00e9rieure. Une fois activ\u00e9, il bloque ou coupe intelligemment les sons provenant de l&#8217;ext\u00e9rieur du \u00abbouclier\u00bb afin que la personne \u00e0 l&#8217;autre extr\u00e9mit\u00e9 ne vous entende que et vous suive clairement.<br \/>\n\u2022 Id\u00e9al pour les espaces de travail occup\u00e9s et bruyants tels que les centres d&#8217;appels et les bureaux en r\u00e9duisant consid\u00e9rablement la frustration et en am\u00e9liorant la productivit\u00e9.<\/p>\n<div class=\"tac\"><img decoding=\"async\" class=\"aligncenter\" src=\"https:\/\/www.yealink.com\/upfiles\/products\/201901\/1548740033619.png\" alt=\"Communications HD sans distraction\"><\/div>\n<\/div>\n<div class=\"block type1\">\n<h3>Explorez beaucoup plus de possibilit\u00e9s<\/h3>\n<p>\u2022 Partage de contenu instantan\u00e9 avec les personnes \u00e0 l&#8217;autre bout de l&#8217;appel. Il permet une discussion rapide et acc\u00e9l\u00e8re la prise de d\u00e9cision (disponible en mars 2019)<br \/>\n\u2022 Prise en charge de la compatibilit\u00e9 des combin\u00e9s DECT via un dongle DECT Yealink DD10K, jusqu&#8217;\u00e0 4 combin\u00e9s sans fil<br \/>\n\u2022 Commutation transparente des appels entre le t\u00e9l\u00e9phone de bureau et le combin\u00e9 DECT sans fil<br \/>\n\u2022 Bluetooth et Wi-Fi int\u00e9gr\u00e9s<\/p>\n<div class=\"tac\"><img decoding=\"async\" class=\"aligncenter\" src=\"https:\/\/www.yealink.com\/upfiles\/products\/201901\/1548740376735.png\" alt=\"Explorez beaucoup plus de possibilit\u00e9s\"><\/div>\n<\/div>\n<div class=\"block type1\">\n<h3>T\u00e9l\u00e9phone d&#8217;affaires primordial T54W<\/h3>\n<p><img decoding=\"async\" class=\"alignleft\" src=\"https:\/\/www.yealink.com\/upfiles\/images\/20190129141901.PNG\" alt=\"\">\u2022 T\u00e9l\u00e9phone de niveau interm\u00e9diaire, id\u00e9al pour les professionnels et les gestionnaires avec une charge d&#8217;appels mod\u00e9r\u00e9e<br \/>\n\u2022 \u00c9cran couleur 4,3 &#8220;480 x 272 pixels, enti\u00e8rement r\u00e9glable<br \/>\n\u2022 Voix HD avec technologie Yealink Acoustic Shield<br \/>\n\u2022 10 touches de ligne, 16 comptes SIP, 27 touches de m\u00e9moire<br \/>\n\u2022 Bluetooth int\u00e9gr\u00e9, Wi-Fi<br \/>\n\u2022 Deux ports Gigabit Ethernet<br \/>\n\u2022 1 port USB pour l&#8217;enregistrement des appels ou un casque USB sans fil<\/p>\n<\/div>\n","protected":false},"excerpt":{"rendered":"<p>Le Yealink T54W est un t\u00e9l\u00e9phone polyvalent id\u00e9al pour les r\u00e9ceptionnistes, les cadres et les restaurants haut de gamme. Le grand \u00e9cran couleur r\u00e9glable de 4,3 po et les 10 touches physiques programmables rendent ce t\u00e9l\u00e9phone facile \u00e0 utiliser et rapide \u00e0 naviguer lorsqu&#8217;il s&#8217;agit de volumes d&#8217;appels \u00e9lev\u00e9s.<\/p>\n<p>Le T54W de derni\u00e8re g\u00e9n\u00e9ration a le meilleur haut-parleur audio offert par Yealink et est am\u00e9lior\u00e9 par rapport aux mod\u00e8les de la g\u00e9n\u00e9ration pr\u00e9c\u00e9dente.<\/p>\n<p><img loading=\"lazy\" decoding=\"async\" class=\"alignleft wp-image-2254 size-full\" src=\"https:\/\/emak.tech\/wp-content\/uploads\/2019\/06\/t54w-features.png\" alt=\"\" width=\"1370\" height=\"258\" srcset=\"https:\/\/emak.tech\/wp-content\/uploads\/2019\/06\/t54w-features.png 1370w, https:\/\/emak.tech\/wp-content\/uploads\/2019\/06\/t54w-features-250x47.png 250w, https:\/\/emak.tech\/wp-content\/uploads\/2019\/06\/t54w-features-600x113.png 600w, https:\/\/emak.tech\/wp-content\/uploads\/2019\/06\/t54w-features-300x56.png 300w, https:\/\/emak.tech\/wp-content\/uploads\/2019\/06\/t54w-features-768x145.png 768w, https:\/\/emak.tech\/wp-content\/uploads\/2019\/06\/t54w-features-1024x193.png 1024w, https:\/\/emak.tech\/wp-content\/uploads\/2019\/06\/t54w-features-200x38.png 200w\" sizes=\"auto, (max-width: 1370px) 100vw, 1370px\" \/><\/p>\n","protected":false},"featured_media":2260,"comment_status":"open","ping_status":"closed","template":"","meta":[],"pwb-brand":[226],"product_brand":[],"product_cat":[192],"product_tag":[],"class_list":{"0":"post-9164","1":"product","2":"type-product","3":"status-publish","4":"has-post-thumbnail","6":"pwb-brand-yealink-fr","7":"product_cat-telephones-de-bureau","9":"first","10":"instock","11":"featured","12":"shipping-taxable","13":"purchasable","14":"product-type-simple"},"brands":[{"id":226,"name":"Yealink","slug":"yealink-fr"}],"_links":{"self":[{"href":"https:\/\/emak.tech\/fr\/wp-json\/wp\/v2\/product\/9164","targetHints":{"allow":["GET"]}}],"collection":[{"href":"https:\/\/emak.tech\/fr\/wp-json\/wp\/v2\/product"}],"about":[{"href":"https:\/\/emak.tech\/fr\/wp-json\/wp\/v2\/types\/product"}],"replies":[{"embeddable":true,"href":"https:\/\/emak.tech\/fr\/wp-json\/wp\/v2\/comments?post=9164"}],"wp:featuredmedia":[{"embeddable":true,"href":"https:\/\/emak.tech\/fr\/wp-json\/wp\/v2\/media\/2260"}],"wp:attachment":[{"href":"https:\/\/emak.tech\/fr\/wp-json\/wp\/v2\/media?parent=9164"}],"wp:term":[{"taxonomy":"pwb-brand","embeddable":true,"href":"https:\/\/emak.tech\/fr\/wp-json\/wp\/v2\/pwb-brand?post=9164"},{"taxonomy":"product_brand","embeddable":true,"href":"https:\/\/emak.tech\/fr\/wp-json\/wp\/v2\/product_brand?post=9164"},{"taxonomy":"product_cat","embeddable":true,"href":"https:\/\/emak.tech\/fr\/wp-json\/wp\/v2\/product_cat?post=9164"},{"taxonomy":"product_tag","embeddable":true,"href":"https:\/\/emak.tech\/fr\/wp-json\/wp\/v2\/product_tag?post=9164"}],"curies":[{"name":"wp","href":"https:\/\/api.w.org\/{rel}","templated":true}]}}