{"id":9649,"date":"2021-05-31T15:40:59","date_gmt":"2021-05-31T20:40:59","guid":{"rendered":"https:\/\/emak.tech\/?post_type=product&#038;p=9649"},"modified":"2023-10-11T16:28:31","modified_gmt":"2023-10-11T21:28:31","slug":"yealink-t43u-ip-phone","status":"publish","type":"product","link":"https:\/\/emak.tech\/fr\/produit\/yealink-t43u-ip-phone\/","title":{"rendered":"T\u00e9l\u00e9phone IP Yealink T43U"},"content":{"rendered":"<h3 class=\"title tac\">Caract\u00e9ristiques principales et avantages<\/h3>\n<div class=\"title tac\"><strong>Personnalisation facile et grande extensibilit\u00e9<\/strong><\/div>\n<div><\/div>\n<div class=\"title tac\">Accompagn\u00e9 de deux ports USB, le T43U est votre bras droit au bureau qui rend possible l&#8217;enregistrement Bluetooth, Wi-Fi, casque USB et USB, et vous pouvez utiliser deux d&#8217;entre eux librement en fonction de vos besoins pour enrichir les fonctionnalit\u00e9s du t\u00e9l\u00e9phone. Pendant ce temps, le t\u00e9l\u00e9phone dispose non seulement de trois pages de boutons flexibles qui peuvent \u00eatre facilement programm\u00e9s avec 21 touches DSS sans papier au maximum, mais peut \u00e9galement connecter jusqu&#8217;\u00e0 trois modules d&#8217;extension, pour jusqu&#8217;\u00e0 180 boutons suppl\u00e9mentaires avec un \u00e9cran LCD et une LED. syst\u00e8me.<\/div>\n<h3 class=\"title tac\">Audio HD<\/h3>\n<div class=\"title tac\">La technologie Yealink Optima HD Voice combine du mat\u00e9riel et des logiciels de pointe avec la technologie \u00e0 large bande pour des performances acoustiques maximales. \u00c9tant un codec audio totalement ouvert et tr\u00e8s polyvalent, Opus, est con\u00e7u pour offrir une qualit\u00e9 audio HD sup\u00e9rieure \u00e0 celle des autres codecs \u00e0 large bande dans une bande passante r\u00e9seau \u00e9lev\u00e9e; Cependant, si la qualit\u00e9 actuelle de votre r\u00e9seau est m\u00e9diocre, Opus peut vous fournir une meilleure qualit\u00e9 audio que les autres codecs \u00e0 bande \u00e9troite. Et son combin\u00e9 compatible avec les aides auditives (HAC) aide la personne malentendante \u00e0 entendre la voix plus clairement.<\/div>\n<div class=\"title tac\"><\/div>\n<div><strong>Installation et approvisionnement efficaces<\/strong><\/div>\n<div><\/div>\n<div>La s\u00e9rie Yealink T4U prend en charge un provisionnement efficace et un d\u00e9ploiement de masse sans effort avec le service de redirection et de provisionnement (RPS) et le m\u00e9canisme de d\u00e9marrage de Yealink pour vous aider \u00e0 r\u00e9aliser le provisionnement sans contact sans aucun param\u00e8tre manuel complexe, ce qui rend la s\u00e9rie T4U simple \u00e0 d\u00e9ployer, facile \u00e0 entretenir et \u00e0 mettre \u00e0 niveau . De plus, un micrologiciel unifi\u00e9 et un mod\u00e8le d&#8217;auto-p qui s&#8217;appliquent \u00e0 tous les mod\u00e8les de t\u00e9l\u00e9phone T4U, \u00e9conomisent encore plus de temps et d&#8217;argent pour les entreprises, tout en simplifiant la gestion et la maintenance.<\/div>\n<div class=\"title tac\"><\/div>\n<div><strong>Transport s\u00e9curis\u00e9 et interop\u00e9rabilit\u00e9<\/strong><\/div>\n<div><\/div>\n<div>\n<div class=\"page\" data-page-number=\"1\" data-loaded=\"true\">\n<div class=\"textLayer\">\n<p>La s\u00e9rie Yealink T4U utilise SIP sur Transport Layer Security (TLS \/ SSL), qui est la derni\u00e8re technologie de s\u00e9curit\u00e9 r\u00e9seau. Il est \u00e9galement compatible avec les principaux fournisseurs de commutateurs logiciels, tels que 3CX, Broadsoft Broadworks. De plus, il est fourni avec des images de micrologiciel doubles qui vous offrent une protection au niveau de l&#8217;entreprise pour \u00e9viter de briser votre syst\u00e8me une fois la mise \u00e0 niveau \u00e9chou\u00e9e.<\/p>\n<div class=\"endOfContent\"><\/div>\n<\/div>\n<\/div>\n<div class=\"page\" data-page-number=\"2\" data-loaded=\"true\">\n<div class=\"canvasWrapper\"><\/div>\n<div class=\"textLayer\"><\/div>\n<\/div>\n<\/div>\n","protected":false},"excerpt":{"rendered":"<div class=\"title tac\">\n<h2>SIP-T43U<\/h2>\n<h3>Un t\u00e9l\u00e9phone SIP bien arrondi pour des communications claires<\/h3>\n<\/div>\n<div class=\"bg\">\n<div class=\"maxsize\">\n<div class=\"block type2\">\n<p>Le t\u00e9l\u00e9phone IP SIP-T43U est un outil professionnel riche en fonctionnalit\u00e9s pour d&#8217;excellentes communications et des fonctionnalit\u00e9s \u00e9tendues. Il s&#8217;agit d&#8217;un t\u00e9l\u00e9phone IP \u00e0 12 lignes dot\u00e9 d&#8217;un grand \u00e9cran noir et blanc de 3,7 pouces et du support EXP43. La technologie United Yealink Optima HD Voice et le codec large bande d&#8217;Opus, le T43U vous r\u00e9compense la superbe qualit\u00e9 audio et les communications vocales cristallines. Le t\u00e9l\u00e9phone est plus rapide et plus r\u00e9actif lors de l&#8217;ex\u00e9cution des fonctions d&#8217;appel. De plus, le T43U met deux ports USB dans un t\u00e9l\u00e9phone qui fait de Bluetooth, Wi-Fi, casque USB et enregistrement USB une r\u00e9alit\u00e9, et vous pouvez utiliser n&#8217;importe lequel d&#8217;entre eux librement selon vos besoins. La nouvelle s\u00e9rie T4U de Yealink offre la m\u00eame apparence \u00e9l\u00e9gante que la ligne T4,<br \/>\nmais avec des am\u00e9liorations pour une plus grande interop\u00e9rabilit\u00e9 et une meilleure collaboration.<\/p>\n<p><img loading=\"lazy\" decoding=\"async\" class=\"alignnone size-full wp-image-9652\" src=\"https:\/\/emak.tech\/wp-content\/uploads\/2021\/05\/icons.png\" alt=\"\" width=\"479\" height=\"90\" srcset=\"https:\/\/emak.tech\/wp-content\/uploads\/2021\/05\/icons.png 479w, https:\/\/emak.tech\/wp-content\/uploads\/2021\/05\/icons-300x56.png 300w, https:\/\/emak.tech\/wp-content\/uploads\/2021\/05\/icons-200x38.png 200w, https:\/\/emak.tech\/wp-content\/uploads\/2021\/05\/icons-250x47.png 250w\" sizes=\"auto, (max-width: 479px) 100vw, 479px\" \/><\/p>\n<\/div>\n<\/div>\n<\/div>\n","protected":false},"featured_media":9651,"comment_status":"open","ping_status":"closed","template":"","meta":[],"pwb-brand":[226],"product_brand":[],"product_cat":[192],"product_tag":[],"class_list":{"0":"post-9649","1":"product","2":"type-product","3":"status-publish","4":"has-post-thumbnail","6":"pwb-brand-yealink-fr","7":"product_cat-telephones-de-bureau","9":"first","10":"instock","11":"shipping-taxable","12":"purchasable","13":"product-type-simple"},"brands":[{"id":226,"name":"Yealink","slug":"yealink-fr"}],"_links":{"self":[{"href":"https:\/\/emak.tech\/fr\/wp-json\/wp\/v2\/product\/9649","targetHints":{"allow":["GET"]}}],"collection":[{"href":"https:\/\/emak.tech\/fr\/wp-json\/wp\/v2\/product"}],"about":[{"href":"https:\/\/emak.tech\/fr\/wp-json\/wp\/v2\/types\/product"}],"replies":[{"embeddable":true,"href":"https:\/\/emak.tech\/fr\/wp-json\/wp\/v2\/comments?post=9649"}],"wp:featuredmedia":[{"embeddable":true,"href":"https:\/\/emak.tech\/fr\/wp-json\/wp\/v2\/media\/9651"}],"wp:attachment":[{"href":"https:\/\/emak.tech\/fr\/wp-json\/wp\/v2\/media?parent=9649"}],"wp:term":[{"taxonomy":"pwb-brand","embeddable":true,"href":"https:\/\/emak.tech\/fr\/wp-json\/wp\/v2\/pwb-brand?post=9649"},{"taxonomy":"product_brand","embeddable":true,"href":"https:\/\/emak.tech\/fr\/wp-json\/wp\/v2\/product_brand?post=9649"},{"taxonomy":"product_cat","embeddable":true,"href":"https:\/\/emak.tech\/fr\/wp-json\/wp\/v2\/product_cat?post=9649"},{"taxonomy":"product_tag","embeddable":true,"href":"https:\/\/emak.tech\/fr\/wp-json\/wp\/v2\/product_tag?post=9649"}],"curies":[{"name":"wp","href":"https:\/\/api.w.org\/{rel}","templated":true}]}}